{"id":2168,"date":"2022-03-08T14:24:31","date_gmt":"2022-03-08T13:24:31","guid":{"rendered":"https:\/\/www.refralia.com\/?page_id=2168"},"modified":"2022-03-08T14:37:58","modified_gmt":"2022-03-08T13:37:58","slug":"quality-politics","status":"publish","type":"page","link":"https:\/\/www.refralia.com\/en\/quality-politics\/","title":{"rendered":"Quality politics"},"content":{"rendered":"\n\t<section class=\"section\" id=\"section_1592178114\">\n\t\t<div class=\"section-bg fill\" >\n\t\t\t<img loading=\"lazy\" decoding=\"async\" width=\"3400\" height=\"514\" src=\"https:\/\/www.refralia.com\/wp-content\/uploads\/2022\/01\/Path-2.png\" class=\"bg attachment-original size-original\" alt=\"\" \/>\t\t\t\t\t\t\n\t\t\t\n\n\t\t<\/div>\n\n\t\t\n\n\t\t<div class=\"section-content relative\">\n\t\t\t\n<div class=\"row\"  id=\"row-2021838951\">\n\n\t<div id=\"col-927279651\" class=\"col medium-12 small-12 large-6\"  >\n\t\t\t\t<div class=\"col-inner\"  >\n\t\t\t\n\t\t\t\n\t<div id=\"gap-1497590072\" class=\"gap-element clearfix show-for-medium\" style=\"display:block; height:auto;\">\n\t\t\n<style>\n#gap-1497590072 {\n  padding-top: 150px;\n}\n@media (min-width:550px) {\n  #gap-1497590072 {\n    padding-top: 150px;\n  }\n}\n@media (min-width:850px) {\n  #gap-1497590072 {\n    padding-top: 30px;\n  }\n}\n<\/style>\n\t<\/div>\n\t\n\t<div id=\"text-375496969\" class=\"text\">\n\t\t\n<p>Quality politics<\/p>\n\t\t\n<style>\n#text-375496969 {\n  color: rgb(255,255,255);\n}\n#text-375496969 > * {\n  color: rgb(255,255,255);\n}\n<\/style>\n\t<\/div>\n\t\n\t\t<\/div>\n\t\t\t\t\t<\/div>\n\n\t\n\n\t<div id=\"col-1825896101\" class=\"col medium-12 small-12 large-6\"  >\n\t\t\t\t<div class=\"col-inner\"  >\n\t\t\t\n\t\t\t\n\t\t<\/div>\n\t\t\t\t\n<style>\n#col-1825896101 > .col-inner {\n  padding: 0 0px 0px 0px;\n}\n<\/style>\n\t<\/div>\n\n\t\n\n<style>\n#row-2021838951 > .col > .col-inner {\n  padding: 0px 20px 0px 20px;\n}\n@media (min-width:550px) {\n  #row-2021838951 > .col > .col-inner {\n    padding: 0px 45px 0px 45px;\n  }\n}\n@media (min-width:850px) {\n  #row-2021838951 > .col > .col-inner {\n    padding: 110px 45px 0px 45px;\n  }\n}\n<\/style>\n<\/div>\n\t\t<\/div>\n\n\t\t\n<style>\n#section_1592178114 {\n  padding-top: 0px;\n  padding-bottom: 0px;\n  min-height: 300px;\n}\n@media (min-width:550px) {\n  #section_1592178114 {\n    min-height: 300px;\n  }\n}\n@media (min-width:850px) {\n  #section_1592178114 {\n    min-height: 300px;\n  }\n}\n<\/style>\n\t<\/section>\n\t\n<div class=\"row\"  id=\"row-642191744\">\n\n\t<div id=\"col-425333112\" class=\"col small-12 large-12\"  >\n\t\t\t\t<div class=\"col-inner\"  >\n\t\t\t\n\t\t\t\nREFRALIA, S.L. es una empresa que desarrolla sus actividades en el \u00e1mbito industrial y principalmente en la protecci\u00f3n de altas temperaturas a trav\u00e9s de revestimientos refractarios. REFRALIA se organiza para el desempe\u00f1o eficiente de las distintas actividades productivas: ingenier\u00eda del refractario, instalaci\u00f3n del revestimiento refractario (incluido el secado inicial), fabricaci\u00f3n de refractarios monol\u00edticos y comercializaci\u00f3n de productos refractarios.<\/p>\n<p>REFRALIA, S.L. manifiesta su Pol\u00edtica de Calidad en los siguientes t\u00e9rminos:<\/p>\n<p><strong>Misi\u00f3n: \u00a0\u00a0<\/strong>Ofrecer \u00a0y \u00a0proporcionar\u00a0 a los clientes soluciones refractarias y aislantes de altas prestaciones, que satisfagan sus necesidades y expectativas, mejorando rendimientos, optimizando costes y como consecuencia, ayudando a generar valor.<\/p>\n<p><strong>Visi\u00f3n:<\/strong> \u00a0\u00a0Ser l\u00edderes en el desempe\u00f1o de las actividades, con vocaci\u00f3n de colaboraci\u00f3n y servicio, desarrollando productos y soluciones de altas prestaciones y de forma sostenible; comprometidos con la seguridad y respetuosos con el medio ambiente.<\/p>\n<p><strong>Valores:<\/strong><\/p>\n<ul>\n<li><strong>Integraci\u00f3n, compromiso e implicaci\u00f3n<\/strong><strong> en toda la organizaci\u00f3n, al objeto de avanzar conjuntamente y de forma eficaz.<\/strong><\/li>\n<li><strong>Integridad,<\/strong><strong> honestidad, honradez, transparencia; desarrollando y suministrando productos y servicios confiables<\/strong><strong>. <\/strong><\/li>\n<li><strong>Innovaci\u00f3n, <\/strong>creatividad, imaginaci\u00f3n, valent\u00eda; con un alto grado de exigencia para con nosotros mismos. B\u00fasqueda de soluciones espec\u00edficas adaptadas a las necesidades de cada cliente.<\/li>\n<li><strong>Excelencia, <\/strong><strong>rigor, pasi\u00f3n, talento;<\/strong> <strong>gusto<\/strong><strong> por el trabajo bien hecho y la mejora continua. Exhaustivo control y verificaci\u00f3n de los servicios y productos.<\/strong><\/li>\n<li><strong>Esp\u00edritu de equipo, <\/strong><strong>lealtad, colaboraci\u00f3n, confianza, respeto.<\/strong><\/li>\n<li><strong>Compromiso <\/strong><strong>para <\/strong>con nuestros clientes. Eficacia y rapidez en el servicio.<\/li>\n<\/ul>\n<p>REFRALIA enfoca y canaliza sus actividades hacia la satisfacci\u00f3n de sus clientes y otras partes interesadas, buscando soluciones y cumpliendo los requisitos pertinentes, as\u00ed como los legales y reglamentarios aplicables.<\/p>\n<p>La sistem\u00e1tica, as\u00ed como la pol\u00edtica y los objetivos de calidad son revisados peri\u00f3dicamente, para evaluar su adecuaci\u00f3n, su eficiencia y cumplimiento.<\/p>\n<p>La participaci\u00f3n e implicaci\u00f3n de todo el personal son fundamentales en el \u00e9xito de la gesti\u00f3n de la calidad. La presente pol\u00edtica, as\u00ed como el resto de la documentaci\u00f3n del sistema de calidad (cada uno de acuerdo con sus funciones), han de ser conocidas e implementadas en toda la organizaci\u00f3n.<\/p>\n<p>Yuncos, 25 de mayo de 2021<br \/>\n<img loading=\"lazy\" decoding=\"async\" class=\"alignnone size-medium wp-image-2158\" src=\"http:\/\/www.refralia.com\/wp-content\/uploads\/2022\/03\/firma-refralia-300x208.jpg\" alt=\"\" width=\"300\" height=\"208\" srcset=\"https:\/\/www.refralia.com\/wp-content\/uploads\/2022\/03\/firma-refralia-300x208.jpg 300w, https:\/\/www.refralia.com\/wp-content\/uploads\/2022\/03\/firma-refralia.jpg 326w\" sizes=\"auto, (max-width: 300px) 100vw, 300px\" \/><br \/>\nJon Ander Bego\u00f1a<br \/>\n<em>Director Gerente<\/em><\/p>\n\t\t<\/div>\n\t\t\t\t\t<\/div>\n\n\t\n<\/div>\n","protected":false},"excerpt":{"rendered":"","protected":false},"author":1,"featured_media":0,"parent":0,"menu_order":0,"comment_status":"closed","ping_status":"closed","template":"","meta":{"footnotes":""},"class_list":["post-2168","page","type-page","status-publish","hentry"],"yoast_head":"<!-- This site is optimized with the Yoast SEO plugin v27.5 - https:\/\/yoast.com\/product\/yoast-seo-wordpress\/ -->\n<title>Quality politics - Refralia<\/title>\n<meta name=\"robots\" content=\"index, follow, max-snippet:-1, max-image-preview:large, max-video-preview:-1\" \/>\n<link rel=\"canonical\" href=\"https:\/\/www.refralia.com\/en\/quality-politics\/\" \/>\n<meta property=\"og:locale\" content=\"en_US\" \/>\n<meta property=\"og:type\" content=\"article\" \/>\n<meta property=\"og:title\" content=\"Quality politics - Refralia\" \/>\n<meta property=\"og:url\" content=\"https:\/\/www.refralia.com\/en\/quality-politics\/\" \/>\n<meta property=\"og:site_name\" content=\"Refralia\" \/>\n<meta property=\"article:modified_time\" content=\"2022-03-08T13:37:58+00:00\" \/>\n<meta property=\"og:image\" content=\"http:\/\/www.refralia.com\/wp-content\/uploads\/2022\/03\/firma-refralia-300x208.jpg\" \/>\n<meta name=\"twitter:card\" content=\"summary_large_image\" \/>\n<meta name=\"twitter:label1\" content=\"Est. reading time\" \/>\n\t<meta name=\"twitter:data1\" content=\"2 minutes\" \/>\n<!-- \/ Yoast SEO plugin. -->","yoast_head_json":{"title":"Quality politics - Refralia","robots":{"index":"index","follow":"follow","max-snippet":"max-snippet:-1","max-image-preview":"max-image-preview:large","max-video-preview":"max-video-preview:-1"},"canonical":"https:\/\/www.refralia.com\/en\/quality-politics\/","og_locale":"en_US","og_type":"article","og_title":"Quality politics - Refralia","og_url":"https:\/\/www.refralia.com\/en\/quality-politics\/","og_site_name":"Refralia","article_modified_time":"2022-03-08T13:37:58+00:00","og_image":[{"url":"http:\/\/www.refralia.com\/wp-content\/uploads\/2022\/03\/firma-refralia-300x208.jpg","type":"","width":"","height":""}],"twitter_card":"summary_large_image","twitter_misc":{"Est. reading time":"2 minutes"},"schema":{"@context":"https:\/\/schema.org","@graph":[{"@type":"WebPage","@id":"https:\/\/www.refralia.com\/en\/quality-politics\/","url":"https:\/\/www.refralia.com\/en\/quality-politics\/","name":"Quality politics - Refralia","isPartOf":{"@id":"https:\/\/www.refralia.com\/en\/#website"},"primaryImageOfPage":{"@id":"https:\/\/www.refralia.com\/en\/quality-politics\/#primaryimage"},"image":{"@id":"https:\/\/www.refralia.com\/en\/quality-politics\/#primaryimage"},"thumbnailUrl":"http:\/\/www.refralia.com\/wp-content\/uploads\/2022\/03\/firma-refralia-300x208.jpg","datePublished":"2022-03-08T13:24:31+00:00","dateModified":"2022-03-08T13:37:58+00:00","breadcrumb":{"@id":"https:\/\/www.refralia.com\/en\/quality-politics\/#breadcrumb"},"inLanguage":"en-US","potentialAction":[{"@type":"ReadAction","target":["https:\/\/www.refralia.com\/en\/quality-politics\/"]}]},{"@type":"ImageObject","inLanguage":"en-US","@id":"https:\/\/www.refralia.com\/en\/quality-politics\/#primaryimage","url":"http:\/\/www.refralia.com\/wp-content\/uploads\/2022\/03\/firma-refralia-300x208.jpg","contentUrl":"http:\/\/www.refralia.com\/wp-content\/uploads\/2022\/03\/firma-refralia-300x208.jpg"},{"@type":"BreadcrumbList","@id":"https:\/\/www.refralia.com\/en\/quality-politics\/#breadcrumb","itemListElement":[{"@type":"ListItem","position":1,"name":"Portada","item":"https:\/\/www.refralia.com\/en\/"},{"@type":"ListItem","position":2,"name":"Quality politics"}]},{"@type":"WebSite","@id":"https:\/\/www.refralia.com\/en\/#website","url":"https:\/\/www.refralia.com\/en\/","name":"Refralia","description":"Servicio integral del refractario","potentialAction":[{"@type":"SearchAction","target":{"@type":"EntryPoint","urlTemplate":"https:\/\/www.refralia.com\/en\/?s={search_term_string}"},"query-input":{"@type":"PropertyValueSpecification","valueRequired":true,"valueName":"search_term_string"}}],"inLanguage":"en-US"}]}},"_links":{"self":[{"href":"https:\/\/www.refralia.com\/en\/wp-json\/wp\/v2\/pages\/2168","targetHints":{"allow":["GET"]}}],"collection":[{"href":"https:\/\/www.refralia.com\/en\/wp-json\/wp\/v2\/pages"}],"about":[{"href":"https:\/\/www.refralia.com\/en\/wp-json\/wp\/v2\/types\/page"}],"author":[{"embeddable":true,"href":"https:\/\/www.refralia.com\/en\/wp-json\/wp\/v2\/users\/1"}],"replies":[{"embeddable":true,"href":"https:\/\/www.refralia.com\/en\/wp-json\/wp\/v2\/comments?post=2168"}],"version-history":[{"count":0,"href":"https:\/\/www.refralia.com\/en\/wp-json\/wp\/v2\/pages\/2168\/revisions"}],"wp:attachment":[{"href":"https:\/\/www.refralia.com\/en\/wp-json\/wp\/v2\/media?parent=2168"}],"curies":[{"name":"wp","href":"https:\/\/api.w.org\/{rel}","templated":true}]}}