{"id":2172,"date":"2022-03-08T14:25:51","date_gmt":"2022-03-08T13:25:51","guid":{"rendered":"https:\/\/www.refralia.com\/?page_id=2172"},"modified":"2022-03-08T14:38:35","modified_gmt":"2022-03-08T13:38:35","slug":"environmental-policy","status":"publish","type":"page","link":"https:\/\/www.refralia.com\/en\/environmental-policy\/","title":{"rendered":"Environmental policy"},"content":{"rendered":"\n\t<section class=\"section\" id=\"section_734187248\">\n\t\t<div class=\"section-bg fill\" >\n\t\t\t<img loading=\"lazy\" decoding=\"async\" width=\"3400\" height=\"514\" src=\"https:\/\/www.refralia.com\/wp-content\/uploads\/2022\/01\/Path-2.png\" class=\"bg attachment-original size-original\" alt=\"\" \/>\t\t\t\t\t\t\n\t\t\t\n\n\t\t<\/div>\n\n\t\t\n\n\t\t<div class=\"section-content relative\">\n\t\t\t\n<div class=\"row\"  id=\"row-1101310291\">\n\n\t<div id=\"col-882402784\" class=\"col medium-12 small-12 large-6\"  >\n\t\t\t\t<div class=\"col-inner\"  >\n\t\t\t\n\t\t\t\n\t<div id=\"gap-28364071\" class=\"gap-element clearfix show-for-medium\" style=\"display:block; height:auto;\">\n\t\t\n<style>\n#gap-28364071 {\n  padding-top: 150px;\n}\n@media (min-width:550px) {\n  #gap-28364071 {\n    padding-top: 150px;\n  }\n}\n@media (min-width:850px) {\n  #gap-28364071 {\n    padding-top: 30px;\n  }\n}\n<\/style>\n\t<\/div>\n\t\n\t<div id=\"text-3780745344\" class=\"text\">\n\t\t\n<p>Environmental policy<\/p>\n\t\t\n<style>\n#text-3780745344 {\n  color: rgb(255,255,255);\n}\n#text-3780745344 > * {\n  color: rgb(255,255,255);\n}\n<\/style>\n\t<\/div>\n\t\n\t\t<\/div>\n\t\t\t\t\t<\/div>\n\n\t\n\n\t<div id=\"col-521586905\" class=\"col medium-12 small-12 large-6\"  >\n\t\t\t\t<div class=\"col-inner\"  >\n\t\t\t\n\t\t\t\n\t\t<\/div>\n\t\t\t\t\n<style>\n#col-521586905 > .col-inner {\n  padding: 0 0px 0px 0px;\n}\n<\/style>\n\t<\/div>\n\n\t\n\n<style>\n#row-1101310291 > .col > .col-inner {\n  padding: 0px 20px 0px 20px;\n}\n@media (min-width:550px) {\n  #row-1101310291 > .col > .col-inner {\n    padding: 0px 45px 0px 45px;\n  }\n}\n@media (min-width:850px) {\n  #row-1101310291 > .col > .col-inner {\n    padding: 110px 45px 0px 45px;\n  }\n}\n<\/style>\n<\/div>\n\t\t<\/div>\n\n\t\t\n<style>\n#section_734187248 {\n  padding-top: 0px;\n  padding-bottom: 0px;\n  min-height: 300px;\n}\n@media (min-width:550px) {\n  #section_734187248 {\n    min-height: 300px;\n  }\n}\n@media (min-width:850px) {\n  #section_734187248 {\n    min-height: 300px;\n  }\n}\n<\/style>\n\t<\/section>\n\t\n<div class=\"row\"  id=\"row-1042152467\">\n\n\t<div id=\"col-1932455863\" class=\"col small-12 large-12\"  >\n\t\t\t\t<div class=\"col-inner\"  >\n\t\t\t\n\t\t\t\nREFRALIA, S.L. es una empresa que desarrolla sus actividades en el \u00e1mbito del mundo industrial. Se organiza en 2 unidades productivas: ingenier\u00eda y montaje del revestimiento refractario y fabricaci\u00f3n de refractarios monol\u00edticos.<\/p>\n<p>REFLALIA, S.L. es consciente de la importancia en la protecci\u00f3n del medio ambiente como elemento b\u00e1sico del desarrollo sostenible.\u00a0 Por tanto, se mantiene el compromiso integral de realizar las actividades de forma eficiente y con calidad, sin perjuicio para la seguridad y salud de los trabajadores y con <strong>respeto al entorno medioambiental<\/strong>.<\/p>\n<p>Se establece la Pol\u00edtica Medioambiental en base a los siguientes principios:<\/p>\n<ul>\n<li>Consecuci\u00f3n y mantenimiento de un <strong>sistema de gesti\u00f3n medioambiental<\/strong>, que haga posible el control y seguimiento eficiente de los objetivos y que establezca el\u00a0 marco propicio para evitar o minimizar los posibles impactos ambientales.<\/li>\n<li>Cumplimiento de la legislaci\u00f3n y normativa medioambiental vigente que sea de aplicaci\u00f3n a los procesos desarrollados en el \u00e1mbito de las actividades, as\u00ed como otros requisitos que la organizaci\u00f3n establezca.<\/li>\n<li>Desarrollo de las actividades teniendo una adecuada<strong> gesti\u00f3n de los recursos naturales<\/strong>, procurando minimizar el impacto ambiental.<\/li>\n<li><strong>Prevenci\u00f3n de la contaminaci\u00f3n<\/strong> desde la planificaci\u00f3n a la finalizaci\u00f3n de las actividades.<\/li>\n<li>Dentro del marco t\u00e9cnico y econ\u00f3mico de la compa\u00f1\u00eda, dotaci\u00f3n de los recursos necesarios para cumplir con la pol\u00edtica medioambiental.<\/li>\n<li><strong>Mejora continua<\/strong> del comportamiento en relaci\u00f3n con la protecci\u00f3n medioambiental, mediante la revisi\u00f3n sistem\u00e1tica y peri\u00f3dica del sistema de gesti\u00f3n medioambiental, la gesti\u00f3n eficiente de los defectos y soluciones y el establecimiento y revisi\u00f3n peri\u00f3dica de objetivos y metas.<\/li>\n<li>Se es consciente que para desplegar la pol\u00edtica y alcanzar los objetivos medioambientales es necesaria la formaci\u00f3n, motivaci\u00f3n, participaci\u00f3n y colaboraci\u00f3n de todos los miembros de la empresa.<\/li>\n<\/ul>\n<p>Asimismo, es patente la necesidad de colaborar con clientes, suministradores, administraciones y p\u00fablico en general con la finalidad de proporcionar y obtener informaci\u00f3n sobre los efectos medioambientales derivados de las actividades desarrolladas por la empresa.<\/p>\n<p>Esta pol\u00edtica de gesti\u00f3n medioambiental se comunica al personal de REFRALIA, S.L. y a todos aquellos que act\u00faen en su nombre, quienes han de entender, promover y colaborar activamente en su implantaci\u00f3n.<\/p>\n<p>La presente pol\u00edtica se pone a disposici\u00f3n del p\u00fablico interesado que lo solicite<\/p>\n<p>Yuncos, 25 de mayo de 2021<br \/>\n<img loading=\"lazy\" decoding=\"async\" class=\"alignnone size-medium wp-image-2158\" src=\"http:\/\/www.refralia.com\/wp-content\/uploads\/2022\/03\/firma-refralia-300x208.jpg\" alt=\"\" width=\"300\" height=\"208\" srcset=\"https:\/\/www.refralia.com\/wp-content\/uploads\/2022\/03\/firma-refralia-300x208.jpg 300w, https:\/\/www.refralia.com\/wp-content\/uploads\/2022\/03\/firma-refralia.jpg 326w\" sizes=\"auto, (max-width: 300px) 100vw, 300px\" \/><br \/>\nJon Ander Bego\u00f1a<br \/>\n<em>Director Gerente<\/em><\/p>\n\t\t<\/div>\n\t\t\t\t\t<\/div>\n\n\t\n<\/div>\n","protected":false},"excerpt":{"rendered":"","protected":false},"author":1,"featured_media":0,"parent":0,"menu_order":0,"comment_status":"closed","ping_status":"closed","template":"","meta":{"footnotes":""},"class_list":["post-2172","page","type-page","status-publish","hentry"],"yoast_head":"<!-- This site is optimized with the Yoast SEO plugin v27.3 - https:\/\/yoast.com\/product\/yoast-seo-wordpress\/ -->\n<title>Environmental policy - Refralia<\/title>\n<meta name=\"robots\" content=\"index, follow, max-snippet:-1, max-image-preview:large, max-video-preview:-1\" \/>\n<link rel=\"canonical\" href=\"https:\/\/www.refralia.com\/en\/environmental-policy\/\" \/>\n<meta property=\"og:locale\" content=\"en_US\" \/>\n<meta property=\"og:type\" content=\"article\" \/>\n<meta property=\"og:title\" content=\"Environmental policy - Refralia\" \/>\n<meta property=\"og:url\" content=\"https:\/\/www.refralia.com\/en\/environmental-policy\/\" \/>\n<meta property=\"og:site_name\" content=\"Refralia\" \/>\n<meta property=\"article:modified_time\" content=\"2022-03-08T13:38:35+00:00\" \/>\n<meta property=\"og:image\" content=\"http:\/\/www.refralia.com\/wp-content\/uploads\/2022\/03\/firma-refralia-300x208.jpg\" \/>\n<meta name=\"twitter:card\" content=\"summary_large_image\" \/>\n<meta name=\"twitter:label1\" content=\"Est. reading time\" \/>\n\t<meta name=\"twitter:data1\" content=\"2 minutes\" \/>\n<!-- \/ Yoast SEO plugin. -->","yoast_head_json":{"title":"Environmental policy - Refralia","robots":{"index":"index","follow":"follow","max-snippet":"max-snippet:-1","max-image-preview":"max-image-preview:large","max-video-preview":"max-video-preview:-1"},"canonical":"https:\/\/www.refralia.com\/en\/environmental-policy\/","og_locale":"en_US","og_type":"article","og_title":"Environmental policy - Refralia","og_url":"https:\/\/www.refralia.com\/en\/environmental-policy\/","og_site_name":"Refralia","article_modified_time":"2022-03-08T13:38:35+00:00","og_image":[{"url":"http:\/\/www.refralia.com\/wp-content\/uploads\/2022\/03\/firma-refralia-300x208.jpg","type":"","width":"","height":""}],"twitter_card":"summary_large_image","twitter_misc":{"Est. reading time":"2 minutes"},"schema":{"@context":"https:\/\/schema.org","@graph":[{"@type":"WebPage","@id":"https:\/\/www.refralia.com\/en\/environmental-policy\/","url":"https:\/\/www.refralia.com\/en\/environmental-policy\/","name":"Environmental policy - Refralia","isPartOf":{"@id":"https:\/\/www.refralia.com\/en\/#website"},"primaryImageOfPage":{"@id":"https:\/\/www.refralia.com\/en\/environmental-policy\/#primaryimage"},"image":{"@id":"https:\/\/www.refralia.com\/en\/environmental-policy\/#primaryimage"},"thumbnailUrl":"http:\/\/www.refralia.com\/wp-content\/uploads\/2022\/03\/firma-refralia-300x208.jpg","datePublished":"2022-03-08T13:25:51+00:00","dateModified":"2022-03-08T13:38:35+00:00","breadcrumb":{"@id":"https:\/\/www.refralia.com\/en\/environmental-policy\/#breadcrumb"},"inLanguage":"en-US","potentialAction":[{"@type":"ReadAction","target":["https:\/\/www.refralia.com\/en\/environmental-policy\/"]}]},{"@type":"ImageObject","inLanguage":"en-US","@id":"https:\/\/www.refralia.com\/en\/environmental-policy\/#primaryimage","url":"http:\/\/www.refralia.com\/wp-content\/uploads\/2022\/03\/firma-refralia-300x208.jpg","contentUrl":"http:\/\/www.refralia.com\/wp-content\/uploads\/2022\/03\/firma-refralia-300x208.jpg"},{"@type":"BreadcrumbList","@id":"https:\/\/www.refralia.com\/en\/environmental-policy\/#breadcrumb","itemListElement":[{"@type":"ListItem","position":1,"name":"Portada","item":"https:\/\/www.refralia.com\/en\/"},{"@type":"ListItem","position":2,"name":"Environmental policy"}]},{"@type":"WebSite","@id":"https:\/\/www.refralia.com\/en\/#website","url":"https:\/\/www.refralia.com\/en\/","name":"Refralia","description":"Servicio integral del refractario","potentialAction":[{"@type":"SearchAction","target":{"@type":"EntryPoint","urlTemplate":"https:\/\/www.refralia.com\/en\/?s={search_term_string}"},"query-input":{"@type":"PropertyValueSpecification","valueRequired":true,"valueName":"search_term_string"}}],"inLanguage":"en-US"}]}},"_links":{"self":[{"href":"https:\/\/www.refralia.com\/en\/wp-json\/wp\/v2\/pages\/2172","targetHints":{"allow":["GET"]}}],"collection":[{"href":"https:\/\/www.refralia.com\/en\/wp-json\/wp\/v2\/pages"}],"about":[{"href":"https:\/\/www.refralia.com\/en\/wp-json\/wp\/v2\/types\/page"}],"author":[{"embeddable":true,"href":"https:\/\/www.refralia.com\/en\/wp-json\/wp\/v2\/users\/1"}],"replies":[{"embeddable":true,"href":"https:\/\/www.refralia.com\/en\/wp-json\/wp\/v2\/comments?post=2172"}],"version-history":[{"count":0,"href":"https:\/\/www.refralia.com\/en\/wp-json\/wp\/v2\/pages\/2172\/revisions"}],"wp:attachment":[{"href":"https:\/\/www.refralia.com\/en\/wp-json\/wp\/v2\/media?parent=2172"}],"curies":[{"name":"wp","href":"https:\/\/api.w.org\/{rel}","templated":true}]}}