{"id":2156,"date":"2022-03-08T14:18:19","date_gmt":"2022-03-08T13:18:19","guid":{"rendered":"https:\/\/www.refralia.com\/?page_id=2156"},"modified":"2022-03-08T14:36:08","modified_gmt":"2022-03-08T13:36:08","slug":"politica-de-seguridad-y-salud-en-el-trabajo","status":"publish","type":"page","link":"https:\/\/www.refralia.com\/es\/politica-de-seguridad-y-salud-en-el-trabajo\/","title":{"rendered":"Pol\u00edtica de seguridad y salud en el trabajo"},"content":{"rendered":"\n\t<section class=\"section\" id=\"section_2060476502\">\n\t\t<div class=\"section-bg fill\" >\n\t\t\t<img loading=\"lazy\" decoding=\"async\" width=\"3400\" height=\"514\" src=\"https:\/\/www.refralia.com\/wp-content\/uploads\/2022\/01\/Path-2.png\" class=\"bg attachment-original size-original\" alt=\"\" \/>\t\t\t\t\t\t\n\t\t\t\n\n\t\t<\/div>\n\n\t\t\n\n\t\t<div class=\"section-content relative\">\n\t\t\t\n<div class=\"row\"  id=\"row-1496387394\">\n\n\t<div id=\"col-2111929429\" class=\"col medium-12 small-12 large-6\"  >\n\t\t\t\t<div class=\"col-inner\"  >\n\t\t\t\n\t\t\t\n\t<div id=\"gap-1466860127\" class=\"gap-element clearfix show-for-medium\" style=\"display:block; height:auto;\">\n\t\t\n<style>\n#gap-1466860127 {\n  padding-top: 150px;\n}\n@media (min-width:550px) {\n  #gap-1466860127 {\n    padding-top: 150px;\n  }\n}\n@media (min-width:850px) {\n  #gap-1466860127 {\n    padding-top: 30px;\n  }\n}\n<\/style>\n\t<\/div>\n\t\n\t<div id=\"text-2910107982\" class=\"text\">\n\t\t\n<p>Pol\u00edtica de seguridad y salud en el trabajo<\/p>\n\t\t\n<style>\n#text-2910107982 {\n  color: rgb(255,255,255);\n}\n#text-2910107982 > * {\n  color: rgb(255,255,255);\n}\n<\/style>\n\t<\/div>\n\t\n\t\t<\/div>\n\t\t\t\t\t<\/div>\n\n\t\n\n\t<div id=\"col-1754624927\" class=\"col medium-12 small-12 large-6\"  >\n\t\t\t\t<div class=\"col-inner\"  >\n\t\t\t\n\t\t\t\n\t\t<\/div>\n\t\t\t\t\n<style>\n#col-1754624927 > .col-inner {\n  padding: 0 0px 0px 0px;\n}\n<\/style>\n\t<\/div>\n\n\t\n\n<style>\n#row-1496387394 > .col > .col-inner {\n  padding: 0px 20px 0px 20px;\n}\n@media (min-width:550px) {\n  #row-1496387394 > .col > .col-inner {\n    padding: 0px 45px 0px 45px;\n  }\n}\n@media (min-width:850px) {\n  #row-1496387394 > .col > .col-inner {\n    padding: 110px 45px 0px 45px;\n  }\n}\n<\/style>\n<\/div>\n\t\t<\/div>\n\n\t\t\n<style>\n#section_2060476502 {\n  padding-top: 0px;\n  padding-bottom: 0px;\n  min-height: 300px;\n}\n@media (min-width:550px) {\n  #section_2060476502 {\n    min-height: 300px;\n  }\n}\n@media (min-width:850px) {\n  #section_2060476502 {\n    min-height: 300px;\n  }\n}\n<\/style>\n\t<\/section>\n\t\n<div class=\"row\"  id=\"row-1163327807\">\n\n\t<div id=\"col-2097051293\" class=\"col small-12 large-12\"  >\n\t\t\t\t<div class=\"col-inner\"  >\n\t\t\t\n\t\t\t\nREFRALIA, S.L., a trav\u00e9s del establecimiento de su pol\u00edtica preventiva asume el compromiso de implantar y desarrollar un sistema de prevenci\u00f3n de riesgos laborales que se integre en el conjunto de sus actividades y \u00e9ste se desarrolle, incluyendo todos los niveles jer\u00e1rquicos de la empresa.<\/p>\n<p>La pol\u00edtica de prevenci\u00f3n afecta tanto a las personas que trabajan en la empresa como a los lugares y equipos de trabajo.<\/p>\n<p>En este sentido REFRALIA, S.L. asume los siguientes compromisos:<\/p>\n<ul>\n<li>Cumplir con la legislaci\u00f3n aplicable en materia de prevenci\u00f3n de riesgos laborales.<\/li>\n<li>Promover la mejora continua de los comportamientos y niveles de prevenci\u00f3n de riesgos laborales.<\/li>\n<li>Involucrar a todo el personal de la empresa en la responsabilidad de la gesti\u00f3n de la prevenci\u00f3n de riesgos laborales, incluyendo a contratistas y colaboradores en el compromiso activo de la mejora de las condiciones de trabajo de sus empleados.<\/li>\n<li>Fomentar la participaci\u00f3n, informaci\u00f3n, formaci\u00f3n y consulta de todo el personal, incluidos los trabajadores temporales y externos que desarrollen trabajos en las instalaciones, para mantener un adecuado nivel de prevenci\u00f3n en la empresa.<\/li>\n<\/ul>\n<p>REFRALIA, S.L. aplicar\u00e1 las medidas que integran el deber general de prevenci\u00f3n, con arreglo a los siguientes principios generales:<\/p>\n<ul>\n<li>Evitar los riesgos y evaluar aquellos que no se puedan evitar.<\/li>\n<li>Combatir los riesgos en su origen.<\/li>\n<li>Adaptar el trabajo a la persona, en particular en lo que respecta a la concepci\u00f3n de los puestos de trabajo, as\u00ed como a la elecci\u00f3n de los equipos y los m\u00e9todos de trabajo y de producci\u00f3n, con miras, en particular, a atenuar el trabajo mon\u00f3tono y repetitivo y a reducir los efectos del mismo en la salud.<\/li>\n<li>Tener en cuenta la evoluci\u00f3n de la t\u00e9cnica.<\/li>\n<li>Sustituir lo peligroso por lo que entra\u00f1e poco o ning\u00fan peligro.<\/li>\n<li>Planificar la prevenci\u00f3n, buscando un conjunto coherente que integre en ella la t\u00e9cnica, la organizaci\u00f3n del trabajo, las condiciones de trabajo, las relaciones sociales y la influencia de los factores ambientales en el trabajo.<\/li>\n<li>Adoptar medidas que antepongan la protecci\u00f3n colectiva a la individual.<\/li>\n<li>Dar las debidas instrucciones a los trabajadores.<\/li>\n<\/ul>\n<p>Esta Declaraci\u00f3n tendr\u00e1 difusi\u00f3n general para hacerla llegar a toda la organizaci\u00f3n.<\/p>\n<p>Yuncos, 25 de mayo de 2021<br \/>\n<img loading=\"lazy\" decoding=\"async\" class=\"alignnone size-medium wp-image-2157\" src=\"http:\/\/www.refralia.com\/wp-content\/uploads\/2022\/03\/firma-refralia-300x208.jpg\" alt=\"\" width=\"300\" height=\"208\" srcset=\"https:\/\/www.refralia.com\/wp-content\/uploads\/2022\/03\/firma-refralia-300x208.jpg 300w, https:\/\/www.refralia.com\/wp-content\/uploads\/2022\/03\/firma-refralia.jpg 326w\" sizes=\"auto, (max-width: 300px) 100vw, 300px\" \/><br \/>\nJon Ander Bego\u00f1a<br \/>\n<em>Director Gerente<\/em><\/p>\n\t\t<\/div>\n\t\t\t\t\t<\/div>\n\n\t\n<\/div>\n","protected":false},"excerpt":{"rendered":"","protected":false},"author":1,"featured_media":0,"parent":0,"menu_order":0,"comment_status":"closed","ping_status":"closed","template":"","meta":{"footnotes":""},"class_list":["post-2156","page","type-page","status-publish","hentry"],"yoast_head":"<!-- This site is optimized with the Yoast SEO plugin v27.3 - https:\/\/yoast.com\/product\/yoast-seo-wordpress\/ -->\n<title>Pol\u00edtica de seguridad y salud en el trabajo - Refralia<\/title>\n<meta name=\"robots\" content=\"index, follow, max-snippet:-1, max-image-preview:large, max-video-preview:-1\" \/>\n<link rel=\"canonical\" href=\"https:\/\/www.refralia.com\/es\/politica-de-seguridad-y-salud-en-el-trabajo\/\" \/>\n<meta property=\"og:locale\" content=\"es_ES\" \/>\n<meta property=\"og:type\" content=\"article\" \/>\n<meta property=\"og:title\" content=\"Pol\u00edtica de seguridad y salud en el trabajo - Refralia\" \/>\n<meta property=\"og:url\" content=\"https:\/\/www.refralia.com\/es\/politica-de-seguridad-y-salud-en-el-trabajo\/\" \/>\n<meta property=\"og:site_name\" content=\"Refralia\" \/>\n<meta property=\"article:modified_time\" content=\"2022-03-08T13:36:08+00:00\" \/>\n<meta property=\"og:image\" content=\"http:\/\/www.refralia.com\/wp-content\/uploads\/2022\/03\/firma-refralia-300x208.jpg\" \/>\n<meta name=\"twitter:card\" content=\"summary_large_image\" \/>\n<meta name=\"twitter:label1\" content=\"Tiempo de lectura\" \/>\n\t<meta name=\"twitter:data1\" content=\"2 minutos\" \/>\n<!-- \/ Yoast SEO plugin. -->","yoast_head_json":{"title":"Pol\u00edtica de seguridad y salud en el trabajo - Refralia","robots":{"index":"index","follow":"follow","max-snippet":"max-snippet:-1","max-image-preview":"max-image-preview:large","max-video-preview":"max-video-preview:-1"},"canonical":"https:\/\/www.refralia.com\/es\/politica-de-seguridad-y-salud-en-el-trabajo\/","og_locale":"es_ES","og_type":"article","og_title":"Pol\u00edtica de seguridad y salud en el trabajo - Refralia","og_url":"https:\/\/www.refralia.com\/es\/politica-de-seguridad-y-salud-en-el-trabajo\/","og_site_name":"Refralia","article_modified_time":"2022-03-08T13:36:08+00:00","og_image":[{"url":"http:\/\/www.refralia.com\/wp-content\/uploads\/2022\/03\/firma-refralia-300x208.jpg","type":"","width":"","height":""}],"twitter_card":"summary_large_image","twitter_misc":{"Tiempo de lectura":"2 minutos"},"schema":{"@context":"https:\/\/schema.org","@graph":[{"@type":"WebPage","@id":"https:\/\/www.refralia.com\/es\/politica-de-seguridad-y-salud-en-el-trabajo\/","url":"https:\/\/www.refralia.com\/es\/politica-de-seguridad-y-salud-en-el-trabajo\/","name":"Pol\u00edtica de seguridad y salud en el trabajo - Refralia","isPartOf":{"@id":"https:\/\/www.refralia.com\/es\/#website"},"primaryImageOfPage":{"@id":"https:\/\/www.refralia.com\/es\/politica-de-seguridad-y-salud-en-el-trabajo\/#primaryimage"},"image":{"@id":"https:\/\/www.refralia.com\/es\/politica-de-seguridad-y-salud-en-el-trabajo\/#primaryimage"},"thumbnailUrl":"http:\/\/www.refralia.com\/wp-content\/uploads\/2022\/03\/firma-refralia-300x208.jpg","datePublished":"2022-03-08T13:18:19+00:00","dateModified":"2022-03-08T13:36:08+00:00","breadcrumb":{"@id":"https:\/\/www.refralia.com\/es\/politica-de-seguridad-y-salud-en-el-trabajo\/#breadcrumb"},"inLanguage":"es","potentialAction":[{"@type":"ReadAction","target":["https:\/\/www.refralia.com\/es\/politica-de-seguridad-y-salud-en-el-trabajo\/"]}]},{"@type":"ImageObject","inLanguage":"es","@id":"https:\/\/www.refralia.com\/es\/politica-de-seguridad-y-salud-en-el-trabajo\/#primaryimage","url":"http:\/\/www.refralia.com\/wp-content\/uploads\/2022\/03\/firma-refralia-300x208.jpg","contentUrl":"http:\/\/www.refralia.com\/wp-content\/uploads\/2022\/03\/firma-refralia-300x208.jpg"},{"@type":"BreadcrumbList","@id":"https:\/\/www.refralia.com\/es\/politica-de-seguridad-y-salud-en-el-trabajo\/#breadcrumb","itemListElement":[{"@type":"ListItem","position":1,"name":"Portada","item":"https:\/\/www.refralia.com\/es\/"},{"@type":"ListItem","position":2,"name":"Pol\u00edtica de seguridad y salud en el trabajo"}]},{"@type":"WebSite","@id":"https:\/\/www.refralia.com\/es\/#website","url":"https:\/\/www.refralia.com\/es\/","name":"Refralia","description":"Servicio integral del refractario","potentialAction":[{"@type":"SearchAction","target":{"@type":"EntryPoint","urlTemplate":"https:\/\/www.refralia.com\/es\/?s={search_term_string}"},"query-input":{"@type":"PropertyValueSpecification","valueRequired":true,"valueName":"search_term_string"}}],"inLanguage":"es"}]}},"_links":{"self":[{"href":"https:\/\/www.refralia.com\/es\/wp-json\/wp\/v2\/pages\/2156","targetHints":{"allow":["GET"]}}],"collection":[{"href":"https:\/\/www.refralia.com\/es\/wp-json\/wp\/v2\/pages"}],"about":[{"href":"https:\/\/www.refralia.com\/es\/wp-json\/wp\/v2\/types\/page"}],"author":[{"embeddable":true,"href":"https:\/\/www.refralia.com\/es\/wp-json\/wp\/v2\/users\/1"}],"replies":[{"embeddable":true,"href":"https:\/\/www.refralia.com\/es\/wp-json\/wp\/v2\/comments?post=2156"}],"version-history":[{"count":0,"href":"https:\/\/www.refralia.com\/es\/wp-json\/wp\/v2\/pages\/2156\/revisions"}],"wp:attachment":[{"href":"https:\/\/www.refralia.com\/es\/wp-json\/wp\/v2\/media?parent=2156"}],"curies":[{"name":"wp","href":"https:\/\/api.w.org\/{rel}","templated":true}]}}