{"id":3,"date":"2021-11-29T14:05:35","date_gmt":"2021-11-29T14:05:35","guid":{"rendered":"https:\/\/www.refralia.com\/?page_id=3"},"modified":"2022-02-28T10:48:50","modified_gmt":"2022-02-28T09:48:50","slug":"politica-privacidad","status":"publish","type":"page","link":"https:\/\/www.refralia.com\/es\/politica-privacidad\/","title":{"rendered":"Pol\u00edtica de privacidad"},"content":{"rendered":"\n\t<section class=\"section\" id=\"section_1428719230\">\n\t\t<div class=\"section-bg fill\" >\n\t\t\t<img loading=\"lazy\" decoding=\"async\" width=\"3400\" height=\"514\" src=\"https:\/\/www.refralia.com\/wp-content\/uploads\/2022\/01\/Path-2.png\" class=\"bg attachment-original size-original\" alt=\"\" \/>\t\t\t\t\t\t\n\t\t\t\n\n\t\t<\/div>\n\n\t\t\n\n\t\t<div class=\"section-content relative\">\n\t\t\t\n<div class=\"row\"  id=\"row-1689641758\">\n\n\t<div id=\"col-74275052\" class=\"col medium-12 small-12 large-6\"  >\n\t\t\t\t<div class=\"col-inner\"  >\n\t\t\t\n\t\t\t\n\t<div id=\"gap-1640883708\" class=\"gap-element clearfix show-for-medium\" style=\"display:block; height:auto;\">\n\t\t\n<style>\n#gap-1640883708 {\n  padding-top: 150px;\n}\n@media (min-width:550px) {\n  #gap-1640883708 {\n    padding-top: 150px;\n  }\n}\n@media (min-width:850px) {\n  #gap-1640883708 {\n    padding-top: 30px;\n  }\n}\n<\/style>\n\t<\/div>\n\t\n\t<div id=\"text-1807017065\" class=\"text\">\n\t\t\n<p>Pol\u00edtica de privacidad<\/p>\n\t\t\n<style>\n#text-1807017065 {\n  color: rgb(255,255,255);\n}\n#text-1807017065 > * {\n  color: rgb(255,255,255);\n}\n<\/style>\n\t<\/div>\n\t\n\t\t<\/div>\n\t\t\t\t\t<\/div>\n\n\t\n\n\t<div id=\"col-1327616260\" class=\"col medium-12 small-12 large-6\"  >\n\t\t\t\t<div class=\"col-inner\"  >\n\t\t\t\n\t\t\t\n\t\t<\/div>\n\t\t\t\t\n<style>\n#col-1327616260 > .col-inner {\n  padding: 0 0px 0px 0px;\n}\n<\/style>\n\t<\/div>\n\n\t\n\n<style>\n#row-1689641758 > .col > .col-inner {\n  padding: 0px 20px 0px 20px;\n}\n@media (min-width:550px) {\n  #row-1689641758 > .col > .col-inner {\n    padding: 0px 45px 0px 45px;\n  }\n}\n@media (min-width:850px) {\n  #row-1689641758 > .col > .col-inner {\n    padding: 110px 45px 0px 45px;\n  }\n}\n<\/style>\n<\/div>\n\t\t<\/div>\n\n\t\t\n<style>\n#section_1428719230 {\n  padding-top: 0px;\n  padding-bottom: 0px;\n  min-height: 300px;\n}\n@media (min-width:550px) {\n  #section_1428719230 {\n    min-height: 300px;\n  }\n}\n@media (min-width:850px) {\n  #section_1428719230 {\n    min-height: 300px;\n  }\n}\n<\/style>\n\t<\/section>\n\t\n<div class=\"row\"  id=\"row-1085806852\">\n\n\t<div id=\"col-1469758707\" class=\"col small-12 large-12\"  >\n\t\t\t\t<div class=\"col-inner\"  >\n\t\t\t\n\t\t\t\n<p>Esta pol\u00edtica de privacidad tiene por objeto facilitar informaci\u00f3n en relaci\u00f3n a los tratamientos de datos personales de REFRALIA y describir los derechos que asisten a los interesados, de conformidad al Reglamento (UE) 2016\/679 del Parlamento Europeo y del Consejo, de 27 de abril de 2016, relativo a la protecci\u00f3n de las personas f\u00edsicas en lo que respecta al tratamiento de datos personales y a la libre circulaci\u00f3n de estos datos (en adelante, RGPD), y a la Ley Org\u00e1nica 3\/2018 de 5 de diciembre, de Protecci\u00f3n de Datos Personales y garant\u00eda de los derechos digitales (en adelante, LOPDGDD).<\/p>\n<h2 style=\"margin-top:20px;\">1.\tIdentidad y datos de contacto del Responsable<\/h2>\n<p>REFRALIA es la responsable de los tratamientos de datos que se enumeran a continuaci\u00f3n. Para contactar con la misma pueden utilizarse los siguientes canales:<\/p>\n<ul>\n<li>Mediante correo postal dirigido a Pol\u00edgono Industrial de Yuncos s\/n, Calle del Oro, Naves 107-108-109, 45210 Yuncos (Toledo)<\/li>\n<li>A trav\u00e9s de la direcci\u00f3n de correo electr\u00f3nico: <a href=\"mailto:refralia@refralia.com\">refralia@refralia.com<\/a><\/li>\n<\/ul>\n<h2 style=\"margin-top:20px;\">2.\tTratamientos de datos: descripci\u00f3n de los fines, bases jur\u00eddicas y destinatarios<\/h2>\n<p>REFRALIA dispone de un Registro de las Actividades de Tratamiento de las que es responsable, en el que se detallan los fines del tratamiento, las bases jur\u00eddicas que los legitiman y los dem\u00e1s elementos previstos en el art. 30 del RGPD. Se mencionan a continuaci\u00f3n los tratamientos realizados a trav\u00e9s de este Sitio web y otros relacionados con los servicios que desarrolla para empresas y particulares:<\/p>\n<table style=\"margin-top:20px;margin-bottom:20px;\">\n<thead style=\"padding:5px;background-color:#f5f5f5;border-bottom: 1px #000000 solid;\">\n<tr>\n<th style=\"padding:5px;border: 1px #000000 solid;\"><strong>Tratamientos<\/strong><\/th>\n<th colspan=\"2\" style=\"padding:5px;border: 1px #000000 solid;\"><strong>Fines del tratamiento \u2502 Legitimaci\u00f3n \u2502 Destinatarios<\/strong><\/th>\n<\/tr>\n<\/thead>\n<tbody style=\"padding:5px;\">\n<tr>\n<td rowspan=\"3\" style=\"padding:5px;border: 1px #000000 solid;\">Candidaturas<\/td>\n<td style=\"padding:5px;border: 1px #000000 solid;\">Fines<\/td>\n<td style=\"padding:5px;border: 1px #000000 solid;\">Gesti\u00f3n de procesos de selecci\u00f3n de personal y de auto-candidaturas.<\/td>\n<\/tr>\n<tr>\n<td style=\"padding:5px;border: 1px #000000 solid;\">Legitimaci\u00f3n<\/td>\n<td style=\"padding:5px;border: 1px #000000 solid;\">Consentimiento del interesado<\/td>\n<\/tr>\n<tr>\n<td style=\"padding:5px;border: 1px #000000 solid;\">Destinatarios<\/td>\n<td style=\"padding:5px;border: 1px #000000 solid;\">\n<ul>\n<li>Empresas de selecci\u00f3n de personal<\/li>\n<li>Empresas de trabajo temporal<\/li>\n<\/ul>\n<\/td>\n<\/tr>\n<tr style=\"padding:5px;border-bottom: 1px #000000 solid;\">\n<td rowspan=\"3\" style=\"padding:5px;border: 1px #000000 solid;\">Personal en pr\u00e1cticas<\/td>\n<td style=\"padding:5px;border: 1px #000000 solid;\">Fines<\/td>\n<td style=\"padding:5px;border: 1px #000000 solid;\">Gesti\u00f3n de personas que realizan pr\u00e1cticas acad\u00e9micas en la empresa, incluyendo su tutorizaci\u00f3n, supervisi\u00f3n y evaluaci\u00f3n.<\/td>\n<\/tr>\n<tr>\n<td style=\"padding:5px;border: 1px #000000 solid;\">Legitimaci\u00f3n<\/td>\n<td style=\"padding:5px;border: 1px #000000 solid;\">Ejecuci\u00f3n de relaci\u00f3n contractual<\/td>\n<\/tr>\n<tr>\n<td style=\"padding:5px;border: 1px #000000 solid;\">Destinatarios<\/td>\n<td style=\"padding:5px;border: 1px #000000 solid;\">Universidad o centro de formaci\u00f3n de procedencia<\/td>\n<\/tr>\n<tr>\n<td rowspan=\"3\" style=\"padding:5px;border: 1px #000000 solid;\">Contratas<\/td>\n<td style=\"padding:5px;border: 1px #000000 solid;\">Fines<\/td>\n<td style=\"padding:5px;border: 1px #000000 solid;\">Gesti\u00f3n de contratas y los recursos humanos de las mismas en cumplimiento de las obligaciones en materia de coordinaci\u00f3n de actividades empresariales.<\/td>\n<\/tr>\n<tr>\n<td style=\"padding:5px;border: 1px #000000 solid;\">Legitimaci\u00f3n<\/td>\n<td style=\"padding:5px;border: 1px #000000 solid;\">Cumplimiento de obligaciones legales<\/td>\n<\/tr>\n<tr>\n<td style=\"padding:5px;border: 1px #000000 solid;\">Destinatarios<\/td>\n<td style=\"padding:5px;border: 1px #000000 solid;\">Los datos no se comunicar\u00e1n a terceros, salvo obligaci\u00f3n legal<\/td>\n<\/tr>\n<tr>\n<td rowspan=\"3\" style=\"padding:5px;border: 1px #000000 solid;\">Personas de contacto<\/td>\n<td style=\"padding:5px;border: 1px #000000 solid;\">Fines<\/td>\n<td style=\"padding:5px;border: 1px #000000 solid;\">Gesti\u00f3n de personas de contacto vinculadas habitualmente a clientes y proveedores actuales y potenciales de la empresa, con fines de mantenimiento y desarrollo de relaciones negociales, comerciales y contractuales, gesti\u00f3n contable y econ\u00f3mico-administrativa.<\/td>\n<\/tr>\n<tr>\n<td style=\"padding:5px;border: 1px #000000 solid;\">Legitimaci\u00f3n<\/td>\n<td style=\"padding:5px;border: 1px #000000 solid;\">\n<ul>\n<li>Cumplimiento de obligaciones legales<\/li>\n<li>Ejecuci\u00f3n de relaci\u00f3n contractual<\/li>\n<li>Inter\u00e9s leg\u00edtimo de REFRALIA respecto del tratamiento de datos de contacto de personas f\u00edsicas que prestan servicios en personas jur\u00eddicas y de empresarios individuales y profesionales liberales<\/li>\n<\/ul>\n<\/td>\n<\/tr>\n<tr>\n<td style=\"padding:5px;border: 1px #000000 solid;\">Destinatarios<\/td>\n<td style=\"padding:5px;border: 1px #000000 solid;\">\n<ul>\n<li>Administraci\u00f3n tributaria<\/li>\n<li>Entidades bancarias<\/li>\n<li>Auditores de cuentas<\/li>\n<li>Asesor\u00eda fiscal<\/li>\n<li>Proveedores de servicios inform\u00e1ticos<\/li>\n<\/ul>\n<\/td>\n<\/tr>\n<tr>\n<td rowspan=\"3\" style=\"padding:5px;border: 1px #000000 solid;\">Comunicaci\u00f3n y Marketing<\/td>\n<td style=\"padding:5px;border: 1px #000000 solid;\">Fines<\/td>\n<td style=\"padding:5px;border: 1px #000000 solid;\">Gesti\u00f3n de actividades de comunicaci\u00f3n y marketing de la compa\u00f1\u00eda, incluyendo la atenci\u00f3n de consultas y solicitudes de informaci\u00f3n y la publicaci\u00f3n de im\u00e1genes y materiales audiovisuales en Internet.<\/td>\n<\/tr>\n<tr>\n<td style=\"padding:5px;border: 1px #000000 solid;\">Legitimaci\u00f3n<\/td>\n<td style=\"padding:5px;border: 1px #000000 solid;\">Consentimiento del interesado<\/td>\n<\/tr>\n<tr>\n<td style=\"padding:5px;border: 1px #000000 solid;\">Destinatarios<\/td>\n<td style=\"padding:5px;border: 1px #000000 solid;\">\n<ul>\n<li>Usuarios de la p\u00e1gina web<\/li>\n<li>Proveedor de hosting de la p\u00e1gina web<\/li>\n<li>Empresa productora de videos corporativos<\/li>\n<li>Proveedor del portal de Youtube (EE.UU)<\/li>\n<\/ul>\n<\/td>\n<\/tr>\n<tr>\n<td rowspan=\"3\" style=\"padding:5px;border: 1px #000000 solid;\">Videovigilancia<\/td>\n<td style=\"padding:5px;border: 1px #000000 solid;\">Fines<\/td>\n<td style=\"padding:5px;border: 1px #000000 solid;\">Captaci\u00f3n, grabaci\u00f3n y visualizaci\u00f3n de im\u00e1genes mediante c\u00e1maras para la seguridad de las instalaciones.<\/td>\n<\/tr>\n<tr>\n<td style=\"padding:5px;border: 1px #000000 solid;\">Legitimaci\u00f3n<\/td>\n<td style=\"padding:5px;border: 1px #000000 solid;\">Cumplimiento de una misi\u00f3n realizada en inter\u00e9s p\u00fablico<\/td>\n<\/tr>\n<tr>\n<td style=\"padding:5px;border: 1px #000000 solid;\">Destinatarios<\/td>\n<td style=\"padding:5px;border: 1px #000000 solid;\">\n<ul>\n<li>Autoridades competentes cuando proceda<\/li>\n<li>Empresa de seguridad<\/li>\n<\/ul>\n<\/td>\n<\/tr>\n<\/tbody>\n<\/table>\n<h2 style=\"margin-top:20px;\">3.\tConservaci\u00f3n de los datos<\/h2>\n<p>En cada tratamiento los datos se conservar\u00e1n durante el mantenimiento de las relaciones establecidas y, con posterioridad, durante los plazos legales aplicables y el tiempo necesario para cumplir con la finalidad para la que se recabaron y para determinar las posibles responsabilidades que se pudieran derivar de dicha finalidad y del tratamiento de los datos. Cuando el tratamiento se base en el consentimiento, los datos se conservar\u00e1n hasta la revocaci\u00f3n del mismo o la solicitud de supresi\u00f3n de los datos. \u00danicamente se solicitan los datos necesarios para cada tratamiento, por lo que su no comunicaci\u00f3n implicar\u00e1 no poder prestar los servicios solicitados o mantener las relaciones establecidas.<\/p>\n<h3>1.\tTransferencias internacionales de datos<\/h3>\n<p>En los tratamientos de datos que incluyan la publicaci\u00f3n de im\u00e1genes y\/o videos en el portal de Youtube, se producir\u00e1 la transferencia internacional de los datos a Google LLC, entidad con sede en EE.UU. y acogida al Acuerdo EU-US Privacy Shield, por lo que la transferencia est\u00e1 amparada por una decisi\u00f3n de adecuaci\u00f3n de la Comisi\u00f3n UE.<\/p>\n<h3>2.\tEjercicio de derechos<\/h3>\n<p>Mediante escrito dirigido a nuestra direcci\u00f3n postal o a trav\u00e9s del email: refralia@refralia.com , el interesado o titular de los datos personales podr\u00e1 ejercer los siguientes derechos, en las circunstancias y condiciones previstas en la normativa: <\/p>\n<ul>\n<li>Derecho de acceso: para conocer si sus datos est\u00e1n siendo tratados o no.<\/li>\n<li>Derecho de rectificaci\u00f3n: para rectificar los datos inexactos.<\/li>\n<li>Derecho de supresi\u00f3n: para que cese su tratamiento cuando, entre otros motivos, ya no sean necesarios para los fines para los que fueron recogidos.<\/li>\n<li>Derecho de oposici\u00f3n: para que dejen de tratarse en circunstancias concretas.<\/li>\n<li>Derecho a la limitaci\u00f3n del tratamiento: para limitar el alcance de su tratamiento en determinados casos, pero asegurando su conservaci\u00f3n.<\/li>\n<li>Derecho a la portabilidad de los datos: para recibir los datos previamente facilitados o solicitar su env\u00edo a un tercero.<\/li>\n<li>Derecho a revocar en cualquier momento el consentimiento previamente otorgado.<\/li>\n<li>Derecho a formular una reclamaci\u00f3n ante la autoridad de control para hacer valer sus derechos.<\/li>\n<\/ul>\n<p>Para el ejercicio de sus derechos el interesado deber\u00e1 aportar copia de documento oficial que acredite su identidad.<\/p>\n<h3>3.\tActualizaci\u00f3n de la pol\u00edtica de privacidad<\/h3>\n<p>El contenido de la pol\u00edtica de protecci\u00f3n de datos podr\u00e1 ser objeto de modificaci\u00f3n para adaptarlo a cambios legislativos que puedan producirse, as\u00ed como a criterios y posiciones emitidas por las autoridades de control.<\/p>\n<h2 style=\"margin-top:20px;\">4.\tPol\u00edtica de Cookies<\/h2>\n<p>\u00bfQu\u00e9 es una Cookie?<\/p>\n<p>Una Cookie es un peque\u00f1o fichero de texto que un sitio web coloca en su PC, tel\u00e9fono o cualquier otro dispositivo, con informaci\u00f3n sobre su navegaci\u00f3n en dicho sitio. Las Cookies son necesarias para facilitar la navegaci\u00f3n y hacerla m\u00e1s amigable.<\/p>\n<p>Si bien en la presente pol\u00edtica se utiliza el termino general de \u201cCookie\u201d, pues es el principal m\u00e9todo de almacenamiento de informaci\u00f3n que utiliza este sitio web, tambi\u00e9n es utilizado el espacio de \u201cAlmacenamiento local\u201d del navegador para los mismos prop\u00f3sitos que las Cookies. En este sentido, toda la informaci\u00f3n incluida en esta secci\u00f3n es aplicable igualmente a este \u201cAlmacenamiento local\u201d.<\/p>\n<p>\u00bfPara qu\u00e9 se utilizan las Cookies en este sitio web?<\/p>\n<p>Las Cookies son una parte esencial de c\u00f3mo funciona nuestro sitio web. El objetivo principal de nuestras Cookies es mejorar su experiencia en la navegaci\u00f3n. Por ejemplo, son utilizadas para recordar sus preferencias durante la navegaci\u00f3n y en futuras visitas.<br \/>\nLa informaci\u00f3n recogida en las Cookies nos permite, adem\u00e1s, mejorar la web mediante estimaciones sobre n\u00fameros y patrones de uso, la adaptaci\u00f3n del sitio web a los intereses individuales de los usuarios, la aceleraci\u00f3n de las b\u00fasquedas, etc.<\/p>\n<p>\u00bfQui\u00e9n utiliza la informaci\u00f3n almacenada en las Cookies?<\/p>\n<p>La informaci\u00f3n almacenada en las Cookies de nuestro sitio web es utilizada exclusivamente por nosotros y no usamos \u201cCookies de terceros\u201d (gestionadas por entidades externas para proporcionar servicios solicitados para mejorar servicios y la experiencia del usuario al navegar en un sitio web).<\/p>\n<p>\u00bfC\u00f3mo puedo evitar el uso de Cookies en este sitio web?<\/p>\n<p>Si usted prefiere evitar el uso de Cookies en esta p\u00e1gina teniendo en cuenta las limitaciones anteriores debe, en primer lugar, deshabilitar en su navegador el uso de Cookies y, en segundo lugar, eliminar las Cookies guardadas en su navegador asociadas a este sitio web.<\/p>\n<p>Esta posibilidad de evitar el uso de Cookies puede ser llevada a cabo por usted en cualquier momento.<\/p>\n<p>Los diferentes navegadores proporcionan diferentes m\u00e9todos para bloquear y eliminar las cookies utilizadas por los sitios web. Puede cambiar la configuraci\u00f3n de su navegador para bloquear \/ eliminar las cookies. Para obtener m\u00e1s informaci\u00f3n sobre c\u00f3mo administrar y eliminar las cookies, visite wikipedia.org . , www.allaboutcookies.org.<\/p>\n<p>\u00bfQu\u00e9 Cookies concretas utiliza este sitio web y para qu\u00e9 finalidades?<\/p>\n<p>A continuaci\u00f3n, se incluye un cuadro con las Cookies, que podemos activar o desactivar las utilizadas por este sitio web, junto con la descripci\u00f3n y ejemplo de uso de las mismas:<\/p>\n[cookie_audit columns=\u00bbcookie,description,duration,type,sensitivity,category\u00bb heading=\u00bbLa siguiente lista detalla las cookies utilizadas en nuestro sitio web.\u00bb]\n\t\t<\/div>\n\t\t\t\t\t<\/div>\n\n\t\n<\/div>\n","protected":false},"excerpt":{"rendered":"","protected":false},"author":1,"featured_media":0,"parent":0,"menu_order":0,"comment_status":"closed","ping_status":"open","template":"","meta":{"footnotes":""},"class_list":["post-3","page","type-page","status-publish","hentry"],"yoast_head":"<!-- This site is optimized with the Yoast SEO plugin v27.4 - https:\/\/yoast.com\/product\/yoast-seo-wordpress\/ -->\n<title>Pol\u00edtica de privacidad - Refralia<\/title>\n<meta name=\"robots\" content=\"index, follow, max-snippet:-1, max-image-preview:large, max-video-preview:-1\" \/>\n<link rel=\"canonical\" href=\"https:\/\/www.refralia.com\/es\/politica-privacidad\/\" \/>\n<meta property=\"og:locale\" content=\"es_ES\" \/>\n<meta property=\"og:type\" content=\"article\" \/>\n<meta property=\"og:title\" content=\"Pol\u00edtica de privacidad - Refralia\" \/>\n<meta property=\"og:url\" content=\"https:\/\/www.refralia.com\/es\/politica-privacidad\/\" \/>\n<meta property=\"og:site_name\" content=\"Refralia\" \/>\n<meta property=\"article:modified_time\" content=\"2022-02-28T09:48:50+00:00\" \/>\n<meta name=\"twitter:card\" content=\"summary_large_image\" \/>\n<meta name=\"twitter:label1\" content=\"Tiempo de lectura\" \/>\n\t<meta name=\"twitter:data1\" content=\"8 minutos\" \/>\n<!-- \/ Yoast SEO plugin. -->","yoast_head_json":{"title":"Pol\u00edtica de privacidad - Refralia","robots":{"index":"index","follow":"follow","max-snippet":"max-snippet:-1","max-image-preview":"max-image-preview:large","max-video-preview":"max-video-preview:-1"},"canonical":"https:\/\/www.refralia.com\/es\/politica-privacidad\/","og_locale":"es_ES","og_type":"article","og_title":"Pol\u00edtica de privacidad - Refralia","og_url":"https:\/\/www.refralia.com\/es\/politica-privacidad\/","og_site_name":"Refralia","article_modified_time":"2022-02-28T09:48:50+00:00","twitter_card":"summary_large_image","twitter_misc":{"Tiempo de lectura":"8 minutos"},"schema":{"@context":"https:\/\/schema.org","@graph":[{"@type":"WebPage","@id":"https:\/\/www.refralia.com\/es\/politica-privacidad\/","url":"https:\/\/www.refralia.com\/es\/politica-privacidad\/","name":"Pol\u00edtica de privacidad - Refralia","isPartOf":{"@id":"https:\/\/www.refralia.com\/es\/#website"},"datePublished":"2021-11-29T14:05:35+00:00","dateModified":"2022-02-28T09:48:50+00:00","breadcrumb":{"@id":"https:\/\/www.refralia.com\/es\/politica-privacidad\/#breadcrumb"},"inLanguage":"es","potentialAction":[{"@type":"ReadAction","target":["https:\/\/www.refralia.com\/es\/politica-privacidad\/"]}]},{"@type":"BreadcrumbList","@id":"https:\/\/www.refralia.com\/es\/politica-privacidad\/#breadcrumb","itemListElement":[{"@type":"ListItem","position":1,"name":"Portada","item":"https:\/\/www.refralia.com\/es\/"},{"@type":"ListItem","position":2,"name":"Pol\u00edtica de privacidad"}]},{"@type":"WebSite","@id":"https:\/\/www.refralia.com\/es\/#website","url":"https:\/\/www.refralia.com\/es\/","name":"Refralia","description":"Servicio integral del refractario","potentialAction":[{"@type":"SearchAction","target":{"@type":"EntryPoint","urlTemplate":"https:\/\/www.refralia.com\/es\/?s={search_term_string}"},"query-input":{"@type":"PropertyValueSpecification","valueRequired":true,"valueName":"search_term_string"}}],"inLanguage":"es"}]}},"_links":{"self":[{"href":"https:\/\/www.refralia.com\/es\/wp-json\/wp\/v2\/pages\/3","targetHints":{"allow":["GET"]}}],"collection":[{"href":"https:\/\/www.refralia.com\/es\/wp-json\/wp\/v2\/pages"}],"about":[{"href":"https:\/\/www.refralia.com\/es\/wp-json\/wp\/v2\/types\/page"}],"author":[{"embeddable":true,"href":"https:\/\/www.refralia.com\/es\/wp-json\/wp\/v2\/users\/1"}],"replies":[{"embeddable":true,"href":"https:\/\/www.refralia.com\/es\/wp-json\/wp\/v2\/comments?post=3"}],"version-history":[{"count":0,"href":"https:\/\/www.refralia.com\/es\/wp-json\/wp\/v2\/pages\/3\/revisions"}],"wp:attachment":[{"href":"https:\/\/www.refralia.com\/es\/wp-json\/wp\/v2\/media?parent=3"}],"curies":[{"name":"wp","href":"https:\/\/api.w.org\/{rel}","templated":true}]}}