{"id":373,"date":"2021-12-26T16:27:23","date_gmt":"2021-12-26T15:27:23","guid":{"rendered":"https:\/\/www.refralia.com\/?page_id=373"},"modified":"2023-03-02T12:02:24","modified_gmt":"2023-03-02T11:02:24","slug":"suministro-de-productos","status":"publish","type":"page","link":"https:\/\/www.refralia.com\/es\/servicio-integral-del-refractario\/suministro-de-productos\/","title":{"rendered":"Suministro de productos"},"content":{"rendered":"\n\t<section class=\"section\" id=\"section_861960343\">\n\t\t<div class=\"section-bg fill\" >\n\t\t\t<img loading=\"lazy\" decoding=\"async\" width=\"2000\" height=\"425\" src=\"https:\/\/www.refralia.com\/wp-content\/uploads\/2021\/12\/Banner-Refralia-Suministros.jpg\" class=\"bg attachment-original size-original\" alt=\"\" \/>\t\t\t\t\t\t\n\t\t\t\n\n\t\t<\/div>\n\n\t\t\n\n\t\t<div class=\"section-content relative\">\n\t\t\t\n<div class=\"row\"  id=\"row-1999580497\">\n\n\t<div id=\"col-666210307\" class=\"col medium-12 small-12 large-6\"  >\n\t\t\t\t<div class=\"col-inner\"  >\n\t\t\t\n\t\t\t\n\t<div id=\"gap-770920861\" class=\"gap-element clearfix show-for-medium\" style=\"display:block; height:auto;\">\n\t\t\n<style>\n#gap-770920861 {\n  padding-top: 150px;\n}\n@media (min-width:550px) {\n  #gap-770920861 {\n    padding-top: 150px;\n  }\n}\n@media (min-width:850px) {\n  #gap-770920861 {\n    padding-top: 30px;\n  }\n}\n<\/style>\n\t<\/div>\n\t\n\t<div id=\"text-876337999\" class=\"text\">\n\t\t\n<h1 class=\"pop-med tit-50\">Suministro de productos<\/h1>\n\t\t\n<style>\n#text-876337999 {\n  color: rgb(255,255,255);\n}\n#text-876337999 > * {\n  color: rgb(255,255,255);\n}\n<\/style>\n\t<\/div>\n\t\n\t\t<\/div>\n\t\t\t\t\t<\/div>\n\n\t\n\n\t<div id=\"col-283716604\" class=\"col medium-12 small-12 large-6\"  >\n\t\t\t\t<div class=\"col-inner\"  >\n\t\t\t\n\t\t\t\n\t<div id=\"text-1095777610\" class=\"text\">\n\t\t\n<h2><b>Refralia garantiza la idoneidad del material empleado en cada ocasi\u00f3n, tanto los de producci\u00f3n propia como los de terceros.<\/b><\/h2>\n\t\t\n<style>\n#text-1095777610 {\n  font-size: 1.1rem;\n  color: rgb(255,255,255);\n}\n#text-1095777610 > * {\n  color: rgb(255,255,255);\n}\n<\/style>\n\t<\/div>\n\t\n\t\t<\/div>\n\t\t\t\t\n<style>\n#col-283716604 > .col-inner {\n  padding: 0 0px 0px 0px;\n}\n<\/style>\n\t<\/div>\n\n\t\n\n<style>\n#row-1999580497 > .col > .col-inner {\n  padding: 0px 20px 0px 20px;\n}\n@media (min-width:550px) {\n  #row-1999580497 > .col > .col-inner {\n    padding: 0px 45px 0px 45px;\n  }\n}\n@media (min-width:850px) {\n  #row-1999580497 > .col > .col-inner {\n    padding: 110px 45px 0px 45px;\n  }\n}\n<\/style>\n<\/div>\n\t\t<\/div>\n\n\t\t\n<style>\n#section_861960343 {\n  padding-top: 0px;\n  padding-bottom: 0px;\n  min-height: 300px;\n}\n@media (min-width:550px) {\n  #section_861960343 {\n    min-height: 450px;\n  }\n}\n@media (min-width:850px) {\n  #section_861960343 {\n    min-height: 425px;\n  }\n}\n<\/style>\n\t<\/section>\n\t\n<div class=\"row\"  id=\"row-1503173077\">\n\n\t<div id=\"col-1586538166\" class=\"col medium-12 small-12 large-6\"  >\n\t\t\t\t<div class=\"col-inner\"  >\n\t\t\t\n\t\t\t\n\t<div class=\"img has-hover x md-x lg-x y md-y lg-y\" id=\"image_907208646\">\n\t\t\t\t\t\t\t\t<div class=\"img-inner dark\" style=\"margin:0px 45px 0px 0px;\">\n\t\t\t<img loading=\"lazy\" decoding=\"async\" width=\"580\" height=\"360\" src=\"https:\/\/www.refralia.com\/wp-content\/uploads\/2021\/12\/Refralia-Suministros2.jpg\" class=\"attachment-original size-original\" alt=\"\" srcset=\"https:\/\/www.refralia.com\/wp-content\/uploads\/2021\/12\/Refralia-Suministros2.jpg 580w, https:\/\/www.refralia.com\/wp-content\/uploads\/2021\/12\/Refralia-Suministros2-300x186.jpg 300w\" sizes=\"auto, (max-width: 580px) 100vw, 580px\" \/>\t\t\t\t\t\t\n\t\t\t\t\t<\/div>\n\t\t\t\t\t\t\t\t\n<style>\n#image_907208646 {\n  width: 100%;\n}\n<\/style>\n\t<\/div>\n\t\n\t\t<\/div>\n\t\t\t\t\n<style>\n#col-1586538166 > .col-inner {\n  padding: 0px 0px 0px 0px;\n  margin: 0 0px 0px 0px;\n}\n@media (min-width:550px) {\n  #col-1586538166 > .col-inner {\n    margin: 0px 0px 0px 0px;\n  }\n}\n@media (min-width:850px) {\n  #col-1586538166 > .col-inner {\n    padding: 0px 45px 45px 45px;\n    margin: -75px 45px 0px 0px;\n  }\n}\n<\/style>\n\t<\/div>\n\n\t\n\n\t<div id=\"col-1492424067\" class=\"col medium-11 small-12 large-6\"  >\n\t\t\t\t<div class=\"col-inner\"  >\n\t\t\t\n\t\t\t\n\t<div id=\"gap-575721516\" class=\"gap-element clearfix\" style=\"display:block; height:auto;\">\n\t\t\n<style>\n#gap-575721516 {\n  padding-top: 10px;\n}\n<\/style>\n\t<\/div>\n\t\n<p>Contamos con una gama de productos de alta calidad, en muchos casos dise\u00f1ados exclusivamente para el cliente gracias a nuestro departamento de I+D+i y de calidad.<\/p>\n<p>Las condiciones en los procesos de fabricaci\u00f3n pueden cambiar en funci\u00f3n de innumerables factores. En Refralia trabajamos codo con codo con nuestros clientes, pudiendo fabricar el producto que mejor se adapte a las necesidades de sus instalaciones.<\/p>\n\t\t<\/div>\n\t\t\t\t\n<style>\n#col-1492424067 > .col-inner {\n  padding: 0px 0px 0px 0;\n}\n@media (min-width:550px) {\n  #col-1492424067 > .col-inner {\n    padding: 0px 45px 45px 45px;\n  }\n}\n<\/style>\n\t<\/div>\n\n\t\n<\/div>\n\n\t<section class=\"section\" id=\"section_1155026124\">\n\t\t<div class=\"section-bg fill\" >\n\t\t\t\t\t\t\t\t\t\n\t\t\t\n\n\t\t<\/div>\n\n\t\t\n\n\t\t<div class=\"section-content relative\">\n\t\t\t\n<div class=\"row\"  id=\"row-1680930863\">\n\n\t<div id=\"col-1165044788\" class=\"col small-12 large-12\"  >\n\t\t\t\t<div class=\"col-inner\"  >\n\t\t\t\n\t\t\t\n\t<div id=\"text-1995845783\" class=\"text\">\n\t\t\n<h2>Personalizaci\u00f3n, versatilidad, disponibilidad<\/h2>\n\t\t\n<style>\n#text-1995845783 {\n  font-size: 2.2rem;\n  color: rgb(241, 126, 93);\n}\n#text-1995845783 > * {\n  color: rgb(241, 126, 93);\n}\n<\/style>\n\t<\/div>\n\t\n\t<div id=\"text-1392295301\" class=\"text\">\n\t\t\n<p><b>Refralia &gt;&gt; Focused on moving foward &gt;&gt;<\/b><br \/>\n\t\t\n<style>\n#text-1392295301 {\n  font-size: 0.9rem;\n  color: rgb(248, 194, 178);\n}\n#text-1392295301 > * {\n  color: rgb(248, 194, 178);\n}\n<\/style>\n\t<\/div>\n\t\n<div class=\"row\"  id=\"row-18761068\">\n\n\t<div id=\"col-656279433\" class=\"col medium-6 small-12 large-6\"  >\n\t\t\t\t<div class=\"col-inner\"  >\n\t\t\t\n\t\t\t\n<div class=\"row row-collapse align-equal\"  id=\"row-1842701660\">\n\n\t<div id=\"col-2079162783\" class=\"col medium-6 small-12 large-6\"  >\n\t\t\t\t<div class=\"col-inner\"  >\n\t\t\t\n\t\t\t\n\t<div class=\"img has-hover borde-round-left x md-x lg-x y md-y lg-y\" id=\"image_390329712\">\n\t\t\t\t\t\t\t\t<div class=\"img-inner dark\" >\n\t\t\t<img loading=\"lazy\" decoding=\"async\" width=\"305\" height=\"402\" src=\"https:\/\/www.refralia.com\/wp-content\/uploads\/2021\/12\/Refralia-Suministros-red-Internacional.jpg\" class=\"attachment-original size-original\" alt=\"\" srcset=\"https:\/\/www.refralia.com\/wp-content\/uploads\/2021\/12\/Refralia-Suministros-red-Internacional.jpg 305w, https:\/\/www.refralia.com\/wp-content\/uploads\/2021\/12\/Refralia-Suministros-red-Internacional-228x300.jpg 228w\" sizes=\"auto, (max-width: 305px) 100vw, 305px\" \/>\t\t\t\t\t\t\n\t\t\t\t\t<\/div>\n\t\t\t\t\t\t\t\t\n<style>\n#image_390329712 {\n  width: 100%;\n}\n<\/style>\n\t<\/div>\n\t\n\t\t<\/div>\n\t\t\t\t\t<\/div>\n\n\t\n\n\t<div id=\"col-417718815\" class=\"col borde-round-right medium-6 small-12 large-6\"  >\n\t\t\t\t<div class=\"col-inner\" style=\"background-color:rgb(255,255,255);\" >\n\t\t\t\n\t\t\t\n\t<div id=\"text-1185782066\" class=\"text\">\n\t\t\n<h3><span class=\"flecha-naranja\">&gt; <\/span><b>Red Internacional<\/b><\/h3>\n<p>Pertenecemos a un potente grupo internacional.<\/p>\n<p>Esta presencia en red nos permite tener un mayor alcance internacional reduciendo los costes y garantizando la calidad<br \/>\nde nuestros productos.<br \/>\n\t\t\n<style>\n#text-1185782066 {\n  color: rgb(0,0,0);\n}\n#text-1185782066 > * {\n  color: rgb(0,0,0);\n}\n<\/style>\n\t<\/div>\n\t\n\t\t<\/div>\n\t\t\t\t\n<style>\n#col-417718815 > .col-inner {\n  padding: 15px 15px 15px 30px;\n}\n<\/style>\n\t<\/div>\n\n\t\n<\/div>\n\t\t<\/div>\n\t\t\t\t\t<\/div>\n\n\t\n\n\t<div id=\"col-1441197705\" class=\"col medium-6 small-12 large-6\"  >\n\t\t\t\t<div class=\"col-inner\"  >\n\t\t\t\n\t\t\t\n<div class=\"row row-collapse align-equal\"  id=\"row-582421879\">\n\n\t<div id=\"col-1981214188\" class=\"col medium-6 small-12 large-6\"  >\n\t\t\t\t<div class=\"col-inner\"  >\n\t\t\t\n\t\t\t\n\t<div class=\"img has-hover borde-round-left x md-x lg-x y md-y lg-y\" id=\"image_1855140074\">\n\t\t\t\t\t\t\t\t<div class=\"img-inner dark\" >\n\t\t\t<img loading=\"lazy\" decoding=\"async\" width=\"305\" height=\"402\" src=\"https:\/\/www.refralia.com\/wp-content\/uploads\/2021\/12\/Refralia-Suministros-instalaciones.jpg\" class=\"attachment-original size-original\" alt=\"\" srcset=\"https:\/\/www.refralia.com\/wp-content\/uploads\/2021\/12\/Refralia-Suministros-instalaciones.jpg 305w, https:\/\/www.refralia.com\/wp-content\/uploads\/2021\/12\/Refralia-Suministros-instalaciones-228x300.jpg 228w\" sizes=\"auto, (max-width: 305px) 100vw, 305px\" \/>\t\t\t\t\t\t\n\t\t\t\t\t<\/div>\n\t\t\t\t\t\t\t\t\n<style>\n#image_1855140074 {\n  width: 100%;\n}\n<\/style>\n\t<\/div>\n\t\n\t\t<\/div>\n\t\t\t\t\t<\/div>\n\n\t\n\n\t<div id=\"col-551114033\" class=\"col borde-round-right medium-6 small-12 large-6\"  >\n\t\t\t\t<div class=\"col-inner\" style=\"background-color:rgb(255,255,255);\" >\n\t\t\t\n\t\t\t\n\t<div id=\"text-3169781018\" class=\"text\">\n\t\t\n<h3><span class=\"flecha-naranja\">&gt; <\/span><b>Nuestras Instalaciones<\/b><\/h3>\n<p>Contamos con una planta de producci\u00f3n propia muy vers\u00e1til que nos permite agilizar cambios de productos, lo que facilita la entrega urgente de suministros y nos hace id\u00f3neos para aquellas empresas que requieren suministros de poco volumen y recurrentes.<br \/>\n\t\t\n<style>\n#text-3169781018 {\n  color: rgb(0,0,0);\n}\n#text-3169781018 > * {\n  color: rgb(0,0,0);\n}\n<\/style>\n\t<\/div>\n\t\n\t\t<\/div>\n\t\t\t\t\n<style>\n#col-551114033 > .col-inner {\n  padding: 15px 15px 15px 30px;\n}\n<\/style>\n\t<\/div>\n\n\t\n<\/div>\n\t\t<\/div>\n\t\t\t\t\t<\/div>\n\n\t\n\n<style>\n#row-18761068 > .col > .col-inner {\n  padding: 30px 0px 0px 0px;\n}\n<\/style>\n<\/div>\n\t\t<\/div>\n\t\t\t\t\n<style>\n#col-1165044788 > .col-inner {\n  padding: 20px 30px 30px 30px;\n  margin: 0px 0px 0px 0px;\n}\n<\/style>\n\t<\/div>\n\n\t\n\n<style>\n#row-1680930863 > .col > .col-inner {\n  background-color: rgb(233, 52, 0);\n}\n<\/style>\n<\/div>\n\t\t<\/div>\n\n\t\t\n<style>\n#section_1155026124 {\n  padding-top: 90px;\n  padding-bottom: 90px;\n}\n<\/style>\n\t<\/section>\n\t\n<div class=\"row row-collapse row-full-width align-middle hide-for-small\"  id=\"row-722370473\">\r\n\r\n\n\t<div id=\"col-21080791\" class=\"col medium-6 large-6\"  >\n\t\t\t\t<div class=\"col-inner\"  >\n\t\t\t\n\t\t\t\r\n\r\n\n  <div class=\"banner has-hover\" id=\"banner-1667356529\">\n          <div class=\"banner-inner fill\">\n        <div class=\"banner-bg fill\" >\n            <img loading=\"lazy\" decoding=\"async\" width=\"1000\" height=\"470\" src=\"https:\/\/www.refralia.com\/wp-content\/uploads\/2021\/12\/Refralia-contactar.jpg\" class=\"bg attachment-original size-original\" alt=\"\" \/>                                    \n                    <\/div>\n\t\t\n        <div class=\"banner-layers container\">\n            <div class=\"fill banner-link\"><\/div>            \r\n\r\n   <div id=\"text-box-1146106247\" class=\"text-box banner-layer x50 md-x50 lg-x50 y50 md-y50 lg-y50 res-text\">\n                     <div data-animate=\"blurIn\">           <div class=\"text-box-content text dark\">\n              \n              <div class=\"text-inner text-center\">\n                  \r\n\r\n\t<div id=\"text-3625589311\" class=\"text\">\n\t\t\r\n\r\n<h3>Especialistas en hacer f\u00e1cil lo dif\u00edcil<\/h3>\r\n<p>Cu\u00e9ntanos tu caso y hablamos<\/p>\r\n\t\t\n<style>\n#text-3625589311 {\n  font-size: 1rem;\n  line-height: 1.85;\n  text-align: left;\n}\n<\/style>\n\t<\/div>\n\t\r\n<a href=\"\/es\/contacto\/\" class=\"button white is-outline is-larger lowercase button-blancos contacto\" style=\"border-radius:99px;\">\n\t\t<span>Contactar<\/span>\n\t<\/a>\n\r\n\r\n\r\n              <\/div>\n           <\/div>\n       <\/div>                     \n<style>\n#text-box-1146106247 {\n  width: 60%;\n}\n#text-box-1146106247 .text-box-content {\n  font-size: 100%;\n}\n<\/style>\n    <\/div>\n \r\n\r\n        <\/div>\n      <\/div>\n\n            \n<style>\n#banner-1667356529 {\n  padding-top: 56.25%;\n}\n<\/style>\n  <\/div>\n\n\r\n\r\n\t\t<\/div>\n\t\t\t\t\t<\/div>\n\n\t\r\n\n\t<div id=\"col-1356243395\" class=\"col medium-6 large-6\"  >\n\t\t\t\t<div class=\"col-inner\"  >\n\t\t\t\n\t\t\t\r\n\r\n\n  <div class=\"banner has-hover\" id=\"banner-423079938\">\n          <div class=\"banner-inner fill\">\n        <div class=\"banner-bg fill\" >\n            <img loading=\"lazy\" decoding=\"async\" width=\"1000\" height=\"470\" src=\"https:\/\/www.refralia.com\/wp-content\/uploads\/2021\/12\/Refralia-empleo.jpg\" class=\"bg attachment-original size-original\" alt=\"\" \/>                                    \n                    <\/div>\n\t\t\n        <div class=\"banner-layers container\">\n            <div class=\"fill banner-link\"><\/div>            \r\n\r\n   <div id=\"text-box-1638437019\" class=\"text-box banner-layer x50 md-x50 lg-x50 y50 md-y50 lg-y50 res-text\">\n                     <div data-animate=\"blurIn\">           <div class=\"text-box-content text dark\">\n              \n              <div class=\"text-inner text-center\">\n                  \r\n\r\n\t<div id=\"text-339786569\" class=\"text\">\n\t\t\r\n\r\n<h3>\u00bfQuieres trabajar con nosotros?<\/h3>\r\n<p>Consulta nuestra secci\u00f3n de empleo<\/p>\r\n\t\t\n<style>\n#text-339786569 {\n  font-size: 1rem;\n  line-height: 1.85;\n  text-align: left;\n}\n<\/style>\n\t<\/div>\n\t\r\n<a href=\"\/es\/empleo\/\" class=\"button white is-outline is-larger lowercase button-blancos empleo\" style=\"border-radius:99px;\">\n\t\t<span>Empleo<\/span>\n\t<\/a>\n\r\n\r\n\r\n              <\/div>\n           <\/div>\n       <\/div>                     \n<style>\n#text-box-1638437019 {\n  width: 60%;\n}\n#text-box-1638437019 .text-box-content {\n  font-size: 100%;\n}\n<\/style>\n    <\/div>\n \r\n\r\n        <\/div>\n      <\/div>\n\n            \n<style>\n#banner-423079938 {\n  padding-top: 56.25%;\n}\n<\/style>\n  <\/div>\n\n\r\n\r\n\t\t<\/div>\n\t\t\t\t\t<\/div>\n\n\t\r\n\r\n<\/div>\r\n<div class=\"row row-collapse row-full-width align-middle show-for-small\"  id=\"row-1464602049\">\r\n\r\n\n\t<div id=\"col-1134007103\" class=\"col medium-6 small-12 large-6\"  >\n\t\t\t\t<div class=\"col-inner\"  >\n\t\t\t\n\t\t\t\r\n\r\n\n  <div class=\"banner has-hover\" id=\"banner-1574681418\">\n          <div class=\"banner-inner fill\">\n        <div class=\"banner-bg fill\" >\n            <img loading=\"lazy\" decoding=\"async\" width=\"1000\" height=\"470\" src=\"https:\/\/www.refralia.com\/wp-content\/uploads\/2021\/12\/Refralia-contactar.jpg\" class=\"bg attachment-original size-original\" alt=\"\" \/>                                    \n                    <\/div>\n\t\t\n        <div class=\"banner-layers container\">\n            <div class=\"fill banner-link\"><\/div>            \r\n\r\n   <div id=\"text-box-1148367856\" class=\"text-box banner-layer x50 md-x50 lg-x50 y50 md-y50 lg-y50 res-text\">\n                     <div data-animate=\"blurIn\">           <div class=\"text-box-content text dark\">\n              \n              <div class=\"text-inner text-center\">\n                  \r\n\r\n\t<div id=\"text-2271025748\" class=\"text\">\n\t\t\r\n\r\n<h3>Especialistas en hacer f\u00e1cil lo dificil<\/h3>\r\n<p>Cu\u00e9ntanos tu caso y hablamos<\/p>\r\n\t\t\n<style>\n#text-2271025748 {\n  font-size: 1rem;\n  line-height: 1.85;\n  text-align: left;\n}\n<\/style>\n\t<\/div>\n\t\r\n<a href=\"\/es\/contacto\/\" class=\"button white is-outline is-larger lowercase button-blancos contacto\" style=\"border-radius:99px;\">\n\t\t<span>Contactar<\/span>\n\t<\/a>\n\r\n\r\n\r\n              <\/div>\n           <\/div>\n       <\/div>                     \n<style>\n#text-box-1148367856 {\n  width: 60%;\n}\n#text-box-1148367856 .text-box-content {\n  font-size: 100%;\n}\n<\/style>\n    <\/div>\n \r\n\r\n        <\/div>\n      <\/div>\n\n            \n<style>\n#banner-1574681418 {\n  padding-top: 99.99%;\n}\n@media (min-width:550px) {\n  #banner-1574681418 {\n    padding-top: 56.25%;\n  }\n}\n<\/style>\n  <\/div>\n\n\r\n\r\n\t\t<\/div>\n\t\t\t\t\t<\/div>\n\n\t\r\n\n\t<div id=\"col-528238954\" class=\"col medium-6 small-12 large-6\"  >\n\t\t\t\t<div class=\"col-inner\"  >\n\t\t\t\n\t\t\t\r\n\r\n\n  <div class=\"banner has-hover\" id=\"banner-2081112165\">\n          <div class=\"banner-inner fill\">\n        <div class=\"banner-bg fill\" >\n            <img loading=\"lazy\" decoding=\"async\" width=\"1000\" height=\"470\" src=\"https:\/\/www.refralia.com\/wp-content\/uploads\/2021\/12\/Refralia-empleo.jpg\" class=\"bg attachment-original size-original\" alt=\"\" \/>                                    \n                    <\/div>\n\t\t\n        <div class=\"banner-layers container\">\n            <div class=\"fill banner-link\"><\/div>            \r\n\r\n   <div id=\"text-box-1673315226\" class=\"text-box banner-layer x50 md-x50 lg-x50 y50 md-y50 lg-y50 res-text\">\n                     <div data-animate=\"blurIn\">           <div class=\"text-box-content text dark\">\n              \n              <div class=\"text-inner text-center\">\n                  \r\n\r\n\t<div id=\"text-1493360302\" class=\"text\">\n\t\t\r\n\r\n<h3>\u00bfQuieres trabajar con nosotros?<\/h3>\r\n<p>Consulta nuestra secci\u00f3n de empleo<\/p>\r\n\t\t\n<style>\n#text-1493360302 {\n  font-size: 1rem;\n  line-height: 1.85;\n  text-align: left;\n}\n<\/style>\n\t<\/div>\n\t\r\n<a href=\"\/es\/empleo\/\" class=\"button white is-outline is-larger lowercase button-blancos empleo\" style=\"border-radius:99px;\">\n\t\t<span>Empleo<\/span>\n\t<\/a>\n\r\n\r\n\r\n              <\/div>\n           <\/div>\n       <\/div>                     \n<style>\n#text-box-1673315226 {\n  width: 60%;\n}\n#text-box-1673315226 .text-box-content {\n  font-size: 100%;\n}\n<\/style>\n    <\/div>\n \r\n\r\n        <\/div>\n      <\/div>\n\n            \n<style>\n#banner-2081112165 {\n  padding-top: 99.99%;\n}\n@media (min-width:550px) {\n  #banner-2081112165 {\n    padding-top: 56.25%;\n  }\n}\n<\/style>\n  <\/div>\n\n\r\n\r\n\t\t<\/div>\n\t\t\t\t\t<\/div>\n\n\t\r\n\r\n<\/div>\n","protected":false},"excerpt":{"rendered":"","protected":false},"author":1,"featured_media":0,"parent":15,"menu_order":0,"comment_status":"closed","ping_status":"closed","template":"","meta":{"footnotes":""},"class_list":["post-373","page","type-page","status-publish","hentry"],"yoast_head":"<!-- This site is optimized with the Yoast SEO plugin v27.4 - https:\/\/yoast.com\/product\/yoast-seo-wordpress\/ -->\n<title>Suministro de productos refractarios - Refralia<\/title>\n<meta name=\"description\" content=\"Suministro de productos refractarios. Fabricaci\u00f3n propia y distribuci\u00f3n. Mantenimiento predictivo + Urgencias. Refralia, servicio integral del refractario. Tel.: (+34) 925 51 91 06\" \/>\n<meta name=\"robots\" content=\"index, follow, max-snippet:-1, max-image-preview:large, max-video-preview:-1\" \/>\n<link rel=\"canonical\" href=\"https:\/\/www.refralia.com\/es\/servicio-integral-del-refractario\/suministro-de-productos\/\" \/>\n<meta property=\"og:locale\" content=\"es_ES\" \/>\n<meta property=\"og:type\" content=\"article\" \/>\n<meta property=\"og:title\" content=\"Suministro de productos refractarios - Refralia\" \/>\n<meta property=\"og:description\" content=\"Suministro de productos refractarios. Fabricaci\u00f3n propia y distribuci\u00f3n. Mantenimiento predictivo + Urgencias. Refralia, servicio integral del refractario. Tel.: (+34) 925 51 91 06\" \/>\n<meta property=\"og:url\" content=\"https:\/\/www.refralia.com\/es\/servicio-integral-del-refractario\/suministro-de-productos\/\" \/>\n<meta property=\"og:site_name\" content=\"Refralia\" \/>\n<meta property=\"article:modified_time\" content=\"2023-03-02T11:02:24+00:00\" \/>\n<meta name=\"twitter:card\" content=\"summary_large_image\" \/>\n<meta name=\"twitter:label1\" content=\"Tiempo de lectura\" \/>\n\t<meta name=\"twitter:data1\" content=\"2 minutos\" \/>\n<!-- \/ Yoast SEO plugin. -->","yoast_head_json":{"title":"Suministro de productos refractarios - Refralia","description":"Suministro de productos refractarios. Fabricaci\u00f3n propia y distribuci\u00f3n. Mantenimiento predictivo + Urgencias. Refralia, servicio integral del refractario. Tel.: (+34) 925 51 91 06","robots":{"index":"index","follow":"follow","max-snippet":"max-snippet:-1","max-image-preview":"max-image-preview:large","max-video-preview":"max-video-preview:-1"},"canonical":"https:\/\/www.refralia.com\/es\/servicio-integral-del-refractario\/suministro-de-productos\/","og_locale":"es_ES","og_type":"article","og_title":"Suministro de productos refractarios - Refralia","og_description":"Suministro de productos refractarios. Fabricaci\u00f3n propia y distribuci\u00f3n. Mantenimiento predictivo + Urgencias. Refralia, servicio integral del refractario. Tel.: (+34) 925 51 91 06","og_url":"https:\/\/www.refralia.com\/es\/servicio-integral-del-refractario\/suministro-de-productos\/","og_site_name":"Refralia","article_modified_time":"2023-03-02T11:02:24+00:00","twitter_card":"summary_large_image","twitter_misc":{"Tiempo de lectura":"2 minutos"},"schema":{"@context":"https:\/\/schema.org","@graph":[{"@type":"WebPage","@id":"https:\/\/www.refralia.com\/es\/servicio-integral-del-refractario\/suministro-de-productos\/","url":"https:\/\/www.refralia.com\/es\/servicio-integral-del-refractario\/suministro-de-productos\/","name":"Suministro de productos refractarios - Refralia","isPartOf":{"@id":"https:\/\/www.refralia.com\/es\/#website"},"datePublished":"2021-12-26T15:27:23+00:00","dateModified":"2023-03-02T11:02:24+00:00","description":"Suministro de productos refractarios. Fabricaci\u00f3n propia y distribuci\u00f3n. Mantenimiento predictivo + Urgencias. Refralia, servicio integral del refractario. Tel.: (+34) 925 51 91 06","breadcrumb":{"@id":"https:\/\/www.refralia.com\/es\/servicio-integral-del-refractario\/suministro-de-productos\/#breadcrumb"},"inLanguage":"es","potentialAction":[{"@type":"ReadAction","target":["https:\/\/www.refralia.com\/es\/servicio-integral-del-refractario\/suministro-de-productos\/"]}]},{"@type":"BreadcrumbList","@id":"https:\/\/www.refralia.com\/es\/servicio-integral-del-refractario\/suministro-de-productos\/#breadcrumb","itemListElement":[{"@type":"ListItem","position":1,"name":"Portada","item":"https:\/\/www.refralia.com\/es\/"},{"@type":"ListItem","position":2,"name":"Servicio Integral del Refractario","item":"https:\/\/www.refralia.com\/es\/servicio-integral-del-refractario\/"},{"@type":"ListItem","position":3,"name":"Suministro de productos"}]},{"@type":"WebSite","@id":"https:\/\/www.refralia.com\/es\/#website","url":"https:\/\/www.refralia.com\/es\/","name":"Refralia","description":"Servicio integral del refractario","potentialAction":[{"@type":"SearchAction","target":{"@type":"EntryPoint","urlTemplate":"https:\/\/www.refralia.com\/es\/?s={search_term_string}"},"query-input":{"@type":"PropertyValueSpecification","valueRequired":true,"valueName":"search_term_string"}}],"inLanguage":"es"}]}},"_links":{"self":[{"href":"https:\/\/www.refralia.com\/es\/wp-json\/wp\/v2\/pages\/373","targetHints":{"allow":["GET"]}}],"collection":[{"href":"https:\/\/www.refralia.com\/es\/wp-json\/wp\/v2\/pages"}],"about":[{"href":"https:\/\/www.refralia.com\/es\/wp-json\/wp\/v2\/types\/page"}],"author":[{"embeddable":true,"href":"https:\/\/www.refralia.com\/es\/wp-json\/wp\/v2\/users\/1"}],"replies":[{"embeddable":true,"href":"https:\/\/www.refralia.com\/es\/wp-json\/wp\/v2\/comments?post=373"}],"version-history":[{"count":1,"href":"https:\/\/www.refralia.com\/es\/wp-json\/wp\/v2\/pages\/373\/revisions"}],"predecessor-version":[{"id":3537,"href":"https:\/\/www.refralia.com\/es\/wp-json\/wp\/v2\/pages\/373\/revisions\/3537"}],"up":[{"embeddable":true,"href":"https:\/\/www.refralia.com\/es\/wp-json\/wp\/v2\/pages\/15"}],"wp:attachment":[{"href":"https:\/\/www.refralia.com\/es\/wp-json\/wp\/v2\/media?parent=373"}],"curies":[{"name":"wp","href":"https:\/\/api.w.org\/{rel}","templated":true}]}}