{"id":1939,"date":"2022-02-18T17:55:52","date_gmt":"2022-02-18T16:55:52","guid":{"rendered":"https:\/\/www.refralia.com\/?page_id=1939"},"modified":"2022-03-08T10:16:01","modified_gmt":"2022-03-08T09:16:01","slug":"fornecimentos-de-produtos","status":"publish","type":"page","link":"https:\/\/www.refralia.com\/pt\/servico-abrangente-de-refratarios\/fornecimentos-de-produtos\/","title":{"rendered":"Fornecimentos de produtos"},"content":{"rendered":"\n\t<section class=\"section\" id=\"section_1915485395\">\n\t\t<div class=\"section-bg fill\" >\n\t\t\t<img loading=\"lazy\" decoding=\"async\" width=\"2000\" height=\"425\" src=\"https:\/\/www.refralia.com\/wp-content\/uploads\/2021\/12\/Banner-Refralia-Suministros.jpg\" class=\"bg attachment-original size-original\" alt=\"\" \/>\t\t\t\t\t\t\n\t\t\t\n\n\t\t<\/div>\n\n\t\t\n\n\t\t<div class=\"section-content relative\">\n\t\t\t\n<div class=\"row\"  id=\"row-2104165813\">\n\n\t<div id=\"col-874155205\" class=\"col medium-12 small-12 large-6\"  >\n\t\t\t\t<div class=\"col-inner\"  >\n\t\t\t\n\t\t\t\n\t<div id=\"gap-879001169\" class=\"gap-element clearfix show-for-medium\" style=\"display:block; height:auto;\">\n\t\t\n<style>\n#gap-879001169 {\n  padding-top: 150px;\n}\n@media (min-width:550px) {\n  #gap-879001169 {\n    padding-top: 150px;\n  }\n}\n@media (min-width:850px) {\n  #gap-879001169 {\n    padding-top: 30px;\n  }\n}\n<\/style>\n\t<\/div>\n\t\n\t<div id=\"text-3141730743\" class=\"text\">\n\t\t\n<h1 class=\"pop-med tit-50\">Fornecimentos de produtos<\/h1>\n\t\t\n<style>\n#text-3141730743 {\n  color: rgb(255,255,255);\n}\n#text-3141730743 > * {\n  color: rgb(255,255,255);\n}\n<\/style>\n\t<\/div>\n\t\n\t\t<\/div>\n\t\t\t\t\t<\/div>\n\n\t\n\n\t<div id=\"col-1796368450\" class=\"col medium-12 small-12 large-6\"  >\n\t\t\t\t<div class=\"col-inner\"  >\n\t\t\t\n\t\t\t\n\t<div id=\"text-442261715\" class=\"text\">\n\t\t\n<h2><b>A Refralia garante a adequa\u00e7\u00e3o do material utilizado em cada ocasi\u00e3o, seja ele produzido internamente ou por terceiros.<\/b><\/h2>\n\t\t\n<style>\n#text-442261715 {\n  font-size: 1.1rem;\n  color: rgb(255,255,255);\n}\n#text-442261715 > * {\n  color: rgb(255,255,255);\n}\n<\/style>\n\t<\/div>\n\t\n\t\t<\/div>\n\t\t\t\t\n<style>\n#col-1796368450 > .col-inner {\n  padding: 0 0px 0px 0px;\n}\n<\/style>\n\t<\/div>\n\n\t\n\n<style>\n#row-2104165813 > .col > .col-inner {\n  padding: 0px 20px 0px 20px;\n}\n@media (min-width:550px) {\n  #row-2104165813 > .col > .col-inner {\n    padding: 0px 45px 0px 45px;\n  }\n}\n@media (min-width:850px) {\n  #row-2104165813 > .col > .col-inner {\n    padding: 110px 45px 0px 45px;\n  }\n}\n<\/style>\n<\/div>\n\t\t<\/div>\n\n\t\t\n<style>\n#section_1915485395 {\n  padding-top: 0px;\n  padding-bottom: 0px;\n  min-height: 300px;\n}\n@media (min-width:550px) {\n  #section_1915485395 {\n    min-height: 450px;\n  }\n}\n@media (min-width:850px) {\n  #section_1915485395 {\n    min-height: 425px;\n  }\n}\n<\/style>\n\t<\/section>\n\t\n<div class=\"row\"  id=\"row-830537577\">\n\n\t<div id=\"col-1876932913\" class=\"col medium-12 small-12 large-6\"  >\n\t\t\t\t<div class=\"col-inner\"  >\n\t\t\t\n\t\t\t\n\t<div class=\"img has-hover x md-x lg-x y md-y lg-y\" id=\"image_2089396073\">\n\t\t\t\t\t\t\t\t<div class=\"img-inner dark\" style=\"margin:0px 45px 0px 0px;\">\n\t\t\t<img loading=\"lazy\" decoding=\"async\" width=\"580\" height=\"360\" src=\"https:\/\/www.refralia.com\/wp-content\/uploads\/2021\/12\/Refralia-Suministros2.jpg\" class=\"attachment-original size-original\" alt=\"\" srcset=\"https:\/\/www.refralia.com\/wp-content\/uploads\/2021\/12\/Refralia-Suministros2.jpg 580w, https:\/\/www.refralia.com\/wp-content\/uploads\/2021\/12\/Refralia-Suministros2-300x186.jpg 300w\" sizes=\"auto, (max-width: 580px) 100vw, 580px\" \/>\t\t\t\t\t\t\n\t\t\t\t\t<\/div>\n\t\t\t\t\t\t\t\t\n<style>\n#image_2089396073 {\n  width: 100%;\n}\n<\/style>\n\t<\/div>\n\t\n\t\t<\/div>\n\t\t\t\t\n<style>\n#col-1876932913 > .col-inner {\n  padding: 0px 0px 0px 0px;\n  margin: 0 0px 0px 0px;\n}\n@media (min-width:550px) {\n  #col-1876932913 > .col-inner {\n    margin: 0px 0px 0px 0px;\n  }\n}\n@media (min-width:850px) {\n  #col-1876932913 > .col-inner {\n    padding: 0px 45px 45px 45px;\n    margin: -75px 45px 0px 0px;\n  }\n}\n<\/style>\n\t<\/div>\n\n\t\n\n\t<div id=\"col-1584569365\" class=\"col medium-11 small-12 large-6\"  >\n\t\t\t\t<div class=\"col-inner\"  >\n\t\t\t\n\t\t\t\n\t<div id=\"gap-1644703851\" class=\"gap-element clearfix\" style=\"display:block; height:auto;\">\n\t\t\n<style>\n#gap-1644703851 {\n  padding-top: 10px;\n}\n<\/style>\n\t<\/div>\n\t\n<p>N\u00f3s temos uma gama de produtos de alta qualidade, em muitos casos projetados exclusivamente para o cliente gra\u00e7as ao nosso departamento de I+D+i e qualidade.<\/p>\n<p>As condi\u00e7\u00f5es nos processos de fabrica\u00e7\u00e3o podem mudar dependendo de incont\u00e1veis fatores. Na Refralia trabalhamos em estreita colabora\u00e7\u00e3o com nossos clientes, sendo capazes de fabricar o produto que melhor se adapta \u00e0s necessidades de suas instala\u00e7\u00f5es.<\/p>\n\t\t<\/div>\n\t\t\t\t\n<style>\n#col-1584569365 > .col-inner {\n  padding: 0px 0px 0px 0;\n}\n@media (min-width:550px) {\n  #col-1584569365 > .col-inner {\n    padding: 0px 45px 45px 45px;\n  }\n}\n<\/style>\n\t<\/div>\n\n\t\n<\/div>\n\n\t<section class=\"section\" id=\"section_157707303\">\n\t\t<div class=\"section-bg fill\" >\n\t\t\t\t\t\t\t\t\t\n\t\t\t\n\n\t\t<\/div>\n\n\t\t\n\n\t\t<div class=\"section-content relative\">\n\t\t\t\n<div class=\"row\"  id=\"row-1462588786\">\n\n\t<div id=\"col-1147009969\" class=\"col small-12 large-12\"  >\n\t\t\t\t<div class=\"col-inner\"  >\n\t\t\t\n\t\t\t\n\t<div id=\"text-1256930060\" class=\"text\">\n\t\t\n<h2>Customiza\u00e7\u00e3o, versatilidade, disponibilidade<\/h2>\n\t\t\n<style>\n#text-1256930060 {\n  font-size: 2.2rem;\n  color: rgb(241, 126, 93);\n}\n#text-1256930060 > * {\n  color: rgb(241, 126, 93);\n}\n<\/style>\n\t<\/div>\n\t\n\t<div id=\"text-724957110\" class=\"text\">\n\t\t\n<p><b>Refralia &gt;&gt; Focused on moving foward &gt;&gt;<\/b><\/p>\n\t\t\n<style>\n#text-724957110 {\n  font-size: 0.9rem;\n  color: rgb(248, 194, 178);\n}\n#text-724957110 > * {\n  color: rgb(248, 194, 178);\n}\n<\/style>\n\t<\/div>\n\t\n<div class=\"row\"  id=\"row-1340898730\">\n\n\t<div id=\"col-1577478638\" class=\"col medium-6 small-12 large-6\"  >\n\t\t\t\t<div class=\"col-inner\"  >\n\t\t\t\n\t\t\t\n<div class=\"row row-collapse align-equal\"  id=\"row-2070251640\">\n\n\t<div id=\"col-553447865\" class=\"col medium-6 small-12 large-6\"  >\n\t\t\t\t<div class=\"col-inner\"  >\n\t\t\t\n\t\t\t\n\t<div class=\"img has-hover borde-round-left x md-x lg-x y md-y lg-y\" id=\"image_92490964\">\n\t\t\t\t\t\t\t\t<div class=\"img-inner dark\" >\n\t\t\t<img loading=\"lazy\" decoding=\"async\" width=\"305\" height=\"402\" src=\"https:\/\/www.refralia.com\/wp-content\/uploads\/2021\/12\/Refralia-Suministros-red-Internacional.jpg\" class=\"attachment-original size-original\" alt=\"\" srcset=\"https:\/\/www.refralia.com\/wp-content\/uploads\/2021\/12\/Refralia-Suministros-red-Internacional.jpg 305w, https:\/\/www.refralia.com\/wp-content\/uploads\/2021\/12\/Refralia-Suministros-red-Internacional-228x300.jpg 228w\" sizes=\"auto, (max-width: 305px) 100vw, 305px\" \/>\t\t\t\t\t\t\n\t\t\t\t\t<\/div>\n\t\t\t\t\t\t\t\t\n<style>\n#image_92490964 {\n  width: 100%;\n}\n<\/style>\n\t<\/div>\n\t\n\t\t<\/div>\n\t\t\t\t\t<\/div>\n\n\t\n\n\t<div id=\"col-699128716\" class=\"col borde-round-right medium-6 small-12 large-6\"  >\n\t\t\t\t<div class=\"col-inner\" style=\"background-color:rgb(255,255,255);\" >\n\t\t\t\n\t\t\t\n\t<div id=\"text-3788117476\" class=\"text\">\n\t\t\n<h3><span class=\"flecha-naranja\">&gt; <\/span><b>Rede internacional<\/b><\/h3>\n<p>N\u00f3s pertencemos a um forte grupo internacional.<\/p>\n<p>Esta presen\u00e7a em rede nos permite ter um maior alcance internacional, reduzindo custos e garantindo a qualidade de nossos produtos.<\/p>\n\t\t\n<style>\n#text-3788117476 {\n  color: rgb(0,0,0);\n}\n#text-3788117476 > * {\n  color: rgb(0,0,0);\n}\n<\/style>\n\t<\/div>\n\t\n\t\t<\/div>\n\t\t\t\t\n<style>\n#col-699128716 > .col-inner {\n  padding: 15px 15px 15px 30px;\n}\n<\/style>\n\t<\/div>\n\n\t\n<\/div>\n\t\t<\/div>\n\t\t\t\t\t<\/div>\n\n\t\n\n\t<div id=\"col-1570451829\" class=\"col medium-6 small-12 large-6\"  >\n\t\t\t\t<div class=\"col-inner\"  >\n\t\t\t\n\t\t\t\n<div class=\"row row-collapse align-equal\"  id=\"row-252779646\">\n\n\t<div id=\"col-2071644218\" class=\"col medium-6 small-12 large-6\"  >\n\t\t\t\t<div class=\"col-inner\"  >\n\t\t\t\n\t\t\t\n\t<div class=\"img has-hover borde-round-left x md-x lg-x y md-y lg-y\" id=\"image_980546367\">\n\t\t\t\t\t\t\t\t<div class=\"img-inner dark\" >\n\t\t\t<img loading=\"lazy\" decoding=\"async\" width=\"305\" height=\"402\" src=\"https:\/\/www.refralia.com\/wp-content\/uploads\/2021\/12\/Refralia-Suministros-instalaciones.jpg\" class=\"attachment-original size-original\" alt=\"\" srcset=\"https:\/\/www.refralia.com\/wp-content\/uploads\/2021\/12\/Refralia-Suministros-instalaciones.jpg 305w, https:\/\/www.refralia.com\/wp-content\/uploads\/2021\/12\/Refralia-Suministros-instalaciones-228x300.jpg 228w\" sizes=\"auto, (max-width: 305px) 100vw, 305px\" \/>\t\t\t\t\t\t\n\t\t\t\t\t<\/div>\n\t\t\t\t\t\t\t\t\n<style>\n#image_980546367 {\n  width: 100%;\n}\n<\/style>\n\t<\/div>\n\t\n\t\t<\/div>\n\t\t\t\t\t<\/div>\n\n\t\n\n\t<div id=\"col-1257841814\" class=\"col borde-round-right medium-6 small-12 large-6\"  >\n\t\t\t\t<div class=\"col-inner\" style=\"background-color:rgb(255,255,255);\" >\n\t\t\t\n\t\t\t\n\t<div id=\"text-3327752266\" class=\"text\">\n\t\t\n<h3><span class=\"flecha-naranja\">&gt; <\/span><b>Nossas instala\u00e7\u00f5es<\/b><\/h3>\n<p>Temos nossa pr\u00f3pria planta de produ\u00e7\u00e3o altamente vers\u00e1til, o que nos permite acelerar as mudan\u00e7as de produtos, facilitando a entrega urgente de suprimentos e tornando-nos ideais para aquelas empresas que requerem baixos volumes e suprimentos recorrentes.<\/p>\n\t\t\n<style>\n#text-3327752266 {\n  color: rgb(0,0,0);\n}\n#text-3327752266 > * {\n  color: rgb(0,0,0);\n}\n<\/style>\n\t<\/div>\n\t\n\t\t<\/div>\n\t\t\t\t\n<style>\n#col-1257841814 > .col-inner {\n  padding: 15px 15px 15px 30px;\n}\n<\/style>\n\t<\/div>\n\n\t\n<\/div>\n\t\t<\/div>\n\t\t\t\t\t<\/div>\n\n\t\n\n<style>\n#row-1340898730 > .col > .col-inner {\n  padding: 30px 0px 0px 0px;\n}\n<\/style>\n<\/div>\n\t\t<\/div>\n\t\t\t\t\n<style>\n#col-1147009969 > .col-inner {\n  padding: 20px 30px 30px 30px;\n  margin: 0px 0px 0px 0px;\n}\n<\/style>\n\t<\/div>\n\n\t\n\n<style>\n#row-1462588786 > .col > .col-inner {\n  background-color: rgb(233, 52, 0);\n}\n<\/style>\n<\/div>\n\t\t<\/div>\n\n\t\t\n<style>\n#section_157707303 {\n  padding-top: 90px;\n  padding-bottom: 90px;\n}\n<\/style>\n\t<\/section>\n\t\n<p class=\"text-center\"><mark>Block <strong>\"176\"<\/strong> not found<\/mark><\/p>\n<div class=\"row row-collapse row-full-width align-middle hide-for-small\"  id=\"row-1143265083\">\r\n\r\n\n\t<div id=\"col-424714874\" class=\"col medium-6 large-6\"  >\n\t\t\t\t<div class=\"col-inner\"  >\n\t\t\t\n\t\t\t\r\n\r\n\n  <div class=\"banner has-hover\" id=\"banner-1643325677\">\n          <div class=\"banner-inner fill\">\n        <div class=\"banner-bg fill\" >\n            <img loading=\"lazy\" decoding=\"async\" width=\"1000\" height=\"470\" src=\"https:\/\/www.refralia.com\/wp-content\/uploads\/2021\/12\/Refralia-contactar.jpg\" class=\"bg attachment-original size-original\" alt=\"\" \/>                                    \n                    <\/div>\n\t\t\n        <div class=\"banner-layers container\">\n            <div class=\"fill banner-link\"><\/div>            \r\n\r\n   <div id=\"text-box-19474110\" class=\"text-box banner-layer x50 md-x50 lg-x50 y50 md-y50 lg-y50 res-text\">\n                     <div data-animate=\"blurIn\">           <div class=\"text-box-content text dark\">\n              \n              <div class=\"text-inner text-center\">\n                  \r\n\r\n\t<div id=\"text-3472711999\" class=\"text\">\n\t\t\r\n\r\n<h3>Especialistas em tornar o dif\u00edcil f\u00e1cil<\/h3>\r\n<p>Conte-nos sobre o seu caso e n\u00f3s falaremos<\/p>\r\n\t\t\n<style>\n#text-3472711999 {\n  font-size: 1rem;\n  line-height: 1.85;\n  text-align: left;\n}\n<\/style>\n\t<\/div>\n\t\r\n<a href=\"\/pt\/contato\/\" class=\"button white is-outline is-larger lowercase button-blancos contacto\" style=\"border-radius:99px;\">\n\t\t<span>Contato<\/span>\n\t<\/a>\n\r\n\r\n\r\n              <\/div>\n           <\/div>\n       <\/div>                     \n<style>\n#text-box-19474110 {\n  width: 60%;\n}\n#text-box-19474110 .text-box-content {\n  font-size: 100%;\n}\n<\/style>\n    <\/div>\n \r\n\r\n        <\/div>\n      <\/div>\n\n            \n<style>\n#banner-1643325677 {\n  padding-top: 56.25%;\n}\n<\/style>\n  <\/div>\n\n\r\n\r\n\t\t<\/div>\n\t\t\t\t\t<\/div>\n\n\t\r\n\n\t<div id=\"col-520837333\" class=\"col medium-6 large-6\"  >\n\t\t\t\t<div class=\"col-inner\"  >\n\t\t\t\n\t\t\t\r\n\r\n\n  <div class=\"banner has-hover\" id=\"banner-415625856\">\n          <div class=\"banner-inner fill\">\n        <div class=\"banner-bg fill\" >\n            <img loading=\"lazy\" decoding=\"async\" width=\"1000\" height=\"470\" src=\"https:\/\/www.refralia.com\/wp-content\/uploads\/2021\/12\/Refralia-empleo.jpg\" class=\"bg attachment-original size-original\" alt=\"\" \/>                                    \n                    <\/div>\n\t\t\n        <div class=\"banner-layers container\">\n            <div class=\"fill banner-link\"><\/div>            \r\n\r\n   <div id=\"text-box-2086817873\" class=\"text-box banner-layer x50 md-x50 lg-x50 y50 md-y50 lg-y50 res-text\">\n                     <div data-animate=\"blurIn\">           <div class=\"text-box-content text dark\">\n              \n              <div class=\"text-inner text-center\">\n                  \r\n\r\n\t<div id=\"text-4030426387\" class=\"text\">\n\t\t\r\n\r\n<h3>Voc\u00ea quer trabalhar conosco?<\/h3>\r\n<p>Veja nossa se\u00e7\u00e3o de emprego<\/p>\r\n\t\t\n<style>\n#text-4030426387 {\n  font-size: 1rem;\n  line-height: 1.85;\n  text-align: left;\n}\n<\/style>\n\t<\/div>\n\t\r\n<a href=\"\/pt\/emprego\/\" class=\"button white is-outline is-larger lowercase button-blancos empleo\" style=\"border-radius:99px;\">\n\t\t<span>Emprego<\/span>\n\t<\/a>\n\r\n\r\n\r\n              <\/div>\n           <\/div>\n       <\/div>                     \n<style>\n#text-box-2086817873 {\n  width: 60%;\n}\n#text-box-2086817873 .text-box-content {\n  font-size: 100%;\n}\n<\/style>\n    <\/div>\n \r\n\r\n        <\/div>\n      <\/div>\n\n            \n<style>\n#banner-415625856 {\n  padding-top: 56.25%;\n}\n<\/style>\n  <\/div>\n\n\r\n\r\n\t\t<\/div>\n\t\t\t\t\t<\/div>\n\n\t\r\n\r\n<\/div>\r\n<div class=\"row row-collapse row-full-width align-middle show-for-small\"  id=\"row-1151668499\">\r\n\r\n\n\t<div id=\"col-707902298\" class=\"col medium-6 small-12 large-6\"  >\n\t\t\t\t<div class=\"col-inner\"  >\n\t\t\t\n\t\t\t\r\n\r\n\n  <div class=\"banner has-hover\" id=\"banner-202110017\">\n          <div class=\"banner-inner fill\">\n        <div class=\"banner-bg fill\" >\n            <img loading=\"lazy\" decoding=\"async\" width=\"1000\" height=\"470\" src=\"https:\/\/www.refralia.com\/wp-content\/uploads\/2021\/12\/Refralia-contactar.jpg\" class=\"bg attachment-original size-original\" alt=\"\" \/>                                    \n                    <\/div>\n\t\t\n        <div class=\"banner-layers container\">\n            <div class=\"fill banner-link\"><\/div>            \r\n\r\n   <div id=\"text-box-940030683\" class=\"text-box banner-layer x50 md-x50 lg-x50 y50 md-y50 lg-y50 res-text\">\n                     <div data-animate=\"blurIn\">           <div class=\"text-box-content text dark\">\n              \n              <div class=\"text-inner text-center\">\n                  \r\n\r\n\t<div id=\"text-3827396831\" class=\"text\">\n\t\t\r\n\r\n<h3>Especialistas em tornar o dif\u00edcil f\u00e1cil<\/h3>\r\n<p>Conte-nos sobre o seu caso e n\u00f3s falaremos<\/p>\r\n\t\t\n<style>\n#text-3827396831 {\n  font-size: 1rem;\n  line-height: 1.85;\n  text-align: left;\n}\n<\/style>\n\t<\/div>\n\t\r\n<a href=\"\/pt\/contato\/\" class=\"button white is-outline is-larger lowercase button-blancos contacto\" style=\"border-radius:99px;\">\n\t\t<span>Contato<\/span>\n\t<\/a>\n\r\n\r\n\r\n              <\/div>\n           <\/div>\n       <\/div>                     \n<style>\n#text-box-940030683 {\n  width: 60%;\n}\n#text-box-940030683 .text-box-content {\n  font-size: 100%;\n}\n<\/style>\n    <\/div>\n \r\n\r\n        <\/div>\n      <\/div>\n\n            \n<style>\n#banner-202110017 {\n  padding-top: 99.99%;\n}\n@media (min-width:550px) {\n  #banner-202110017 {\n    padding-top: 56.25%;\n  }\n}\n<\/style>\n  <\/div>\n\n\r\n\r\n\t\t<\/div>\n\t\t\t\t\t<\/div>\n\n\t\r\n\n\t<div id=\"col-701854925\" class=\"col medium-6 small-12 large-6\"  >\n\t\t\t\t<div class=\"col-inner\"  >\n\t\t\t\n\t\t\t\r\n\r\n\n  <div class=\"banner has-hover\" id=\"banner-77646245\">\n          <div class=\"banner-inner fill\">\n        <div class=\"banner-bg fill\" >\n            <img loading=\"lazy\" decoding=\"async\" width=\"1000\" height=\"470\" src=\"https:\/\/www.refralia.com\/wp-content\/uploads\/2021\/12\/Refralia-empleo.jpg\" class=\"bg attachment-original size-original\" alt=\"\" \/>                                    \n                    <\/div>\n\t\t\n        <div class=\"banner-layers container\">\n            <div class=\"fill banner-link\"><\/div>            \r\n\r\n   <div id=\"text-box-68875390\" class=\"text-box banner-layer x50 md-x50 lg-x50 y50 md-y50 lg-y50 res-text\">\n                     <div data-animate=\"blurIn\">           <div class=\"text-box-content text dark\">\n              \n              <div class=\"text-inner text-center\">\n                  \r\n\r\n\t<div id=\"text-325619999\" class=\"text\">\n\t\t\r\n\r\n<h3>Voc\u00ea quer trabalhar conosco?<\/h3>\r\n<p>Veja nossa se\u00e7\u00e3o de emprego<\/p>\r\n\t\t\n<style>\n#text-325619999 {\n  font-size: 1rem;\n  line-height: 1.85;\n  text-align: left;\n}\n<\/style>\n\t<\/div>\n\t\r\n<a href=\"\/pt\/emprego\/\" class=\"button white is-outline is-larger lowercase button-blancos empleo\" style=\"border-radius:99px;\">\n\t\t<span>Emprego<\/span>\n\t<\/a>\n\r\n\r\n\r\n              <\/div>\n           <\/div>\n       <\/div>                     \n<style>\n#text-box-68875390 {\n  width: 60%;\n}\n#text-box-68875390 .text-box-content {\n  font-size: 100%;\n}\n<\/style>\n    <\/div>\n \r\n\r\n        <\/div>\n      <\/div>\n\n            \n<style>\n#banner-77646245 {\n  padding-top: 99.99%;\n}\n@media (min-width:550px) {\n  #banner-77646245 {\n    padding-top: 56.25%;\n  }\n}\n<\/style>\n  <\/div>\n\n\r\n\r\n\t\t<\/div>\n\t\t\t\t\t<\/div>\n\n\t\r\n\r\n<\/div>\n","protected":false},"excerpt":{"rendered":"","protected":false},"author":1,"featured_media":0,"parent":1937,"menu_order":0,"comment_status":"closed","ping_status":"closed","template":"","meta":{"footnotes":""},"class_list":["post-1939","page","type-page","status-publish","hentry"],"yoast_head":"<!-- This site is optimized with the Yoast SEO plugin v27.5 - https:\/\/yoast.com\/product\/yoast-seo-wordpress\/ -->\n<title>Fornecimentos de produtos - Refralia<\/title>\n<meta name=\"description\" content=\"Fornecimento de produtos refrat\u00e1rios. Produ\u00e7\u00e3o interna e distribui\u00e7\u00e3o\" \/>\n<meta name=\"robots\" content=\"index, follow, max-snippet:-1, max-image-preview:large, max-video-preview:-1\" \/>\n<link rel=\"canonical\" href=\"https:\/\/www.refralia.com\/pt\/servico-abrangente-de-refratarios\/fornecimentos-de-produtos\/\" \/>\n<meta property=\"og:locale\" content=\"pt_PT\" \/>\n<meta property=\"og:type\" content=\"article\" \/>\n<meta property=\"og:title\" content=\"Fornecimentos de produtos - Refralia\" \/>\n<meta property=\"og:description\" content=\"Fornecimento de produtos refrat\u00e1rios. Produ\u00e7\u00e3o interna e distribui\u00e7\u00e3o\" \/>\n<meta property=\"og:url\" content=\"https:\/\/www.refralia.com\/pt\/servico-abrangente-de-refratarios\/fornecimentos-de-produtos\/\" \/>\n<meta property=\"og:site_name\" content=\"Refralia\" \/>\n<meta property=\"article:modified_time\" content=\"2022-03-08T09:16:01+00:00\" \/>\n<meta name=\"twitter:card\" content=\"summary_large_image\" \/>\n<meta name=\"twitter:label1\" content=\"Tempo estimado de leitura\" \/>\n\t<meta name=\"twitter:data1\" content=\"2 minutos\" \/>\n<!-- \/ Yoast SEO plugin. -->","yoast_head_json":{"title":"Fornecimentos de produtos - Refralia","description":"Fornecimento de produtos refrat\u00e1rios. Produ\u00e7\u00e3o interna e distribui\u00e7\u00e3o","robots":{"index":"index","follow":"follow","max-snippet":"max-snippet:-1","max-image-preview":"max-image-preview:large","max-video-preview":"max-video-preview:-1"},"canonical":"https:\/\/www.refralia.com\/pt\/servico-abrangente-de-refratarios\/fornecimentos-de-produtos\/","og_locale":"pt_PT","og_type":"article","og_title":"Fornecimentos de produtos - Refralia","og_description":"Fornecimento de produtos refrat\u00e1rios. Produ\u00e7\u00e3o interna e distribui\u00e7\u00e3o","og_url":"https:\/\/www.refralia.com\/pt\/servico-abrangente-de-refratarios\/fornecimentos-de-produtos\/","og_site_name":"Refralia","article_modified_time":"2022-03-08T09:16:01+00:00","twitter_card":"summary_large_image","twitter_misc":{"Tempo estimado de leitura":"2 minutos"},"schema":{"@context":"https:\/\/schema.org","@graph":[{"@type":"WebPage","@id":"https:\/\/www.refralia.com\/pt\/servico-abrangente-de-refratarios\/fornecimentos-de-produtos\/","url":"https:\/\/www.refralia.com\/pt\/servico-abrangente-de-refratarios\/fornecimentos-de-produtos\/","name":"Fornecimentos de produtos - Refralia","isPartOf":{"@id":"https:\/\/www.refralia.com\/pt\/#website"},"datePublished":"2022-02-18T16:55:52+00:00","dateModified":"2022-03-08T09:16:01+00:00","description":"Fornecimento de produtos refrat\u00e1rios. Produ\u00e7\u00e3o interna e distribui\u00e7\u00e3o","breadcrumb":{"@id":"https:\/\/www.refralia.com\/pt\/servico-abrangente-de-refratarios\/fornecimentos-de-produtos\/#breadcrumb"},"inLanguage":"pt-PT","potentialAction":[{"@type":"ReadAction","target":["https:\/\/www.refralia.com\/pt\/servico-abrangente-de-refratarios\/fornecimentos-de-produtos\/"]}]},{"@type":"BreadcrumbList","@id":"https:\/\/www.refralia.com\/pt\/servico-abrangente-de-refratarios\/fornecimentos-de-produtos\/#breadcrumb","itemListElement":[{"@type":"ListItem","position":1,"name":"Portada","item":"https:\/\/www.refralia.com\/pt\/"},{"@type":"ListItem","position":2,"name":"Servi\u00e7o Abrangente de Refrat\u00e1rios","item":"https:\/\/www.refralia.com\/pt\/servico-abrangente-de-refratarios\/"},{"@type":"ListItem","position":3,"name":"Fornecimentos de produtos"}]},{"@type":"WebSite","@id":"https:\/\/www.refralia.com\/pt\/#website","url":"https:\/\/www.refralia.com\/pt\/","name":"Refralia","description":"Servicio integral del refractario","potentialAction":[{"@type":"SearchAction","target":{"@type":"EntryPoint","urlTemplate":"https:\/\/www.refralia.com\/pt\/?s={search_term_string}"},"query-input":{"@type":"PropertyValueSpecification","valueRequired":true,"valueName":"search_term_string"}}],"inLanguage":"pt-PT"}]}},"_links":{"self":[{"href":"https:\/\/www.refralia.com\/pt\/wp-json\/wp\/v2\/pages\/1939","targetHints":{"allow":["GET"]}}],"collection":[{"href":"https:\/\/www.refralia.com\/pt\/wp-json\/wp\/v2\/pages"}],"about":[{"href":"https:\/\/www.refralia.com\/pt\/wp-json\/wp\/v2\/types\/page"}],"author":[{"embeddable":true,"href":"https:\/\/www.refralia.com\/pt\/wp-json\/wp\/v2\/users\/1"}],"replies":[{"embeddable":true,"href":"https:\/\/www.refralia.com\/pt\/wp-json\/wp\/v2\/comments?post=1939"}],"version-history":[{"count":0,"href":"https:\/\/www.refralia.com\/pt\/wp-json\/wp\/v2\/pages\/1939\/revisions"}],"up":[{"embeddable":true,"href":"https:\/\/www.refralia.com\/pt\/wp-json\/wp\/v2\/pages\/1937"}],"wp:attachment":[{"href":"https:\/\/www.refralia.com\/pt\/wp-json\/wp\/v2\/media?parent=1939"}],"curies":[{"name":"wp","href":"https:\/\/api.w.org\/{rel}","templated":true}]}}